{"id":2604,"date":"2025-05-03T14:46:07","date_gmt":"2025-05-03T12:46:07","guid":{"rendered":"https:\/\/bimba.sn\/?product=souris-hp-s9000-sans-fil"},"modified":"2025-05-03T14:46:07","modified_gmt":"2025-05-03T12:46:07","slug":"souris-hp-s9000-sans-fil","status":"publish","type":"product","link":"https:\/\/bimba.sn\/?product=souris-hp-s9000-sans-fil","title":{"rendered":"souris hp s9000 sans fil"},"content":{"rendered":"<p><br data-mce-bogus=\"1\"><\/p>\n","protected":false},"excerpt":{"rendered":"<ul>\n<li style=\"padding: 0px;margin: 0px\">Mini adaptateur plug and Play.<\/li>\n<li style=\"padding: 0px;margin: 0px\">Transmission sans fil, la distance de fonctionnement jusqu\u2019\u00e0 10 m\u00e8tres.<\/li>\n<li style=\"padding: 0px;margin: 0px\">Interrupteur d\u2019alimentation pour \u00e9conomiser de l\u2019\u00e9nergie.<\/li>\n<li style=\"padding: 0px;margin: 0px\">Avec 6 touches, y compris la molette de d\u00e9filement, les touches de pages pr\u00e9c\u00e9dentes et suivantes, pour naviguer facilement sur Internet.<\/li>\n<li style=\"padding: 0px;margin: 0px\">Type: Souris Sans Fil<\/li>\n<li style=\"padding: 0px;margin: 0px\">DPI: 1200<\/li>\n<li style=\"padding: 0px;margin: 0px\">Alimentation par: 2 piles AAA (non incluses)<\/li>\n<li style=\"padding: 0px;margin: 0px\">USB: Ver 1.1 \/ 2.0<\/li>\n<li style=\"padding: 0px;margin: 0px\">Configuration syst\u00e8me requise: pour syst\u00e8me d\u2019exploitation Windows 2000 \/ XP \/ Vista \/ Linux \/ Win 7,8,10 \/ MAC<\/li>\n<\/ul>\n","protected":false},"featured_media":2602,"comment_status":"open","ping_status":"closed","template":"","meta":{"_gspb_post_css":""},"store":[],"product_brand":[],"product_cat":[277],"product_tag":[],"class_list":{"0":"post-2604","1":"product","2":"type-product","3":"status-publish","4":"has-post-thumbnail","6":"product_cat-clavierssourispc","8":"first","9":"instock","10":"shipping-taxable","11":"purchasable","12":"product-type-simple"},"_links":{"self":[{"href":"https:\/\/bimba.sn\/index.php?rest_route=\/wp\/v2\/product\/2604","targetHints":{"allow":["GET"]}}],"collection":[{"href":"https:\/\/bimba.sn\/index.php?rest_route=\/wp\/v2\/product"}],"about":[{"href":"https:\/\/bimba.sn\/index.php?rest_route=\/wp\/v2\/types\/product"}],"replies":[{"embeddable":true,"href":"https:\/\/bimba.sn\/index.php?rest_route=%2Fwp%2Fv2%2Fcomments&post=2604"}],"wp:featuredmedia":[{"embeddable":true,"href":"https:\/\/bimba.sn\/index.php?rest_route=\/wp\/v2\/media\/2602"}],"wp:attachment":[{"href":"https:\/\/bimba.sn\/index.php?rest_route=%2Fwp%2Fv2%2Fmedia&parent=2604"}],"wp:term":[{"taxonomy":"store","embeddable":true,"href":"https:\/\/bimba.sn\/index.php?rest_route=%2Fwp%2Fv2%2Fstore&post=2604"},{"taxonomy":"product_brand","embeddable":true,"href":"https:\/\/bimba.sn\/index.php?rest_route=%2Fwp%2Fv2%2Fproduct_brand&post=2604"},{"taxonomy":"product_cat","embeddable":true,"href":"https:\/\/bimba.sn\/index.php?rest_route=%2Fwp%2Fv2%2Fproduct_cat&post=2604"},{"taxonomy":"product_tag","embeddable":true,"href":"https:\/\/bimba.sn\/index.php?rest_route=%2Fwp%2Fv2%2Fproduct_tag&post=2604"}],"curies":[{"name":"wp","href":"https:\/\/api.w.org\/{rel}","templated":true}]}}