{"id":2599,"date":"2025-05-03T14:31:08","date_gmt":"2025-05-03T12:31:08","guid":{"rendered":"https:\/\/bimba.sn\/?product=hp-clavier-sans-fil-cs700"},"modified":"2025-05-03T14:31:08","modified_gmt":"2025-05-03T12:31:08","slug":"hp-clavier-sans-fil-cs700","status":"publish","type":"product","link":"https:\/\/bimba.sn\/?product=hp-clavier-sans-fil-cs700","title":{"rendered":"Hp Clavier sans fil cs700"},"content":{"rendered":"<p><br data-mce-bogus=\"1\"><\/p>\n","protected":false},"excerpt":{"rendered":"<p>Clavier sans fil couleur noir\u00a0<\/p>\n<ul>\n<li style=\"padding: 0px;margin: 0px\">Marque : HP<\/li>\n<li style=\"padding: 0px;margin: 0px\">Mod\u00e8le\u00a0:\u00a0CS700<\/li>\n<li style=\"padding: 0px;margin: 0px\">Kit clavier et souris sans fil HP CS700, silencieux, l\u00e9ger, \u00e0 \u00e9conomie d&rsquo;\u00e9nergie, pour ordinateur portable, clavier et souris de bureau, en vente, achat pas cher<\/li>\n<li style=\"padding: 0px;margin: 0px\">Interface clavier\u00a0:\u00a0USB<\/li>\n<li style=\"padding: 0px;margin: 0px\">Connexion du clavier : sans fil<\/li>\n<li style=\"padding: 0px;margin: 0px\">Interface souris : USB<\/li>\n<li style=\"padding: 0px;margin: 0px\">M\u00e9thode de connexion de la souris : sans fil<\/li>\n<li style=\"padding: 0px;margin: 0px\">Convient pour : ordinateur portable de jeu pour le bureau \u00e0 domicile<\/li>\n<\/ul>\n","protected":false},"featured_media":2597,"comment_status":"open","ping_status":"closed","template":"","meta":{"_gspb_post_css":""},"store":[],"product_brand":[],"product_cat":[266,277],"product_tag":[],"class_list":{"0":"post-2599","1":"product","2":"type-product","3":"status-publish","4":"has-post-thumbnail","6":"product_cat-accessoireit","7":"product_cat-clavierssourispc","9":"first","10":"instock","11":"shipping-taxable","12":"purchasable","13":"product-type-simple"},"_links":{"self":[{"href":"https:\/\/bimba.sn\/index.php?rest_route=\/wp\/v2\/product\/2599","targetHints":{"allow":["GET"]}}],"collection":[{"href":"https:\/\/bimba.sn\/index.php?rest_route=\/wp\/v2\/product"}],"about":[{"href":"https:\/\/bimba.sn\/index.php?rest_route=\/wp\/v2\/types\/product"}],"replies":[{"embeddable":true,"href":"https:\/\/bimba.sn\/index.php?rest_route=%2Fwp%2Fv2%2Fcomments&post=2599"}],"wp:featuredmedia":[{"embeddable":true,"href":"https:\/\/bimba.sn\/index.php?rest_route=\/wp\/v2\/media\/2597"}],"wp:attachment":[{"href":"https:\/\/bimba.sn\/index.php?rest_route=%2Fwp%2Fv2%2Fmedia&parent=2599"}],"wp:term":[{"taxonomy":"store","embeddable":true,"href":"https:\/\/bimba.sn\/index.php?rest_route=%2Fwp%2Fv2%2Fstore&post=2599"},{"taxonomy":"product_brand","embeddable":true,"href":"https:\/\/bimba.sn\/index.php?rest_route=%2Fwp%2Fv2%2Fproduct_brand&post=2599"},{"taxonomy":"product_cat","embeddable":true,"href":"https:\/\/bimba.sn\/index.php?rest_route=%2Fwp%2Fv2%2Fproduct_cat&post=2599"},{"taxonomy":"product_tag","embeddable":true,"href":"https:\/\/bimba.sn\/index.php?rest_route=%2Fwp%2Fv2%2Fproduct_tag&post=2599"}],"curies":[{"name":"wp","href":"https:\/\/api.w.org\/{rel}","templated":true}]}}