{"id":2591,"date":"2025-05-03T14:13:23","date_gmt":"2025-05-03T12:13:23","guid":{"rendered":"https:\/\/bimba.sn\/?product=cle-bluetooth-4-0-usb-nano-tp-link-ub400"},"modified":"2025-05-03T14:13:23","modified_gmt":"2025-05-03T12:13:23","slug":"cle-bluetooth-4-0-usb-nano-tp-link-ub400","status":"publish","type":"product","link":"https:\/\/bimba.sn\/?product=cle-bluetooth-4-0-usb-nano-tp-link-ub400","title":{"rendered":"Cl\u00e9 Bluetooth 4.0 USB Nano TP-LINK UB400"},"content":{"rendered":"<p><br data-mce-bogus=\"1\"><\/p>\n","protected":false},"excerpt":{"rendered":"<p><span style=\"font-family: Heebo, Arial, Helvetica, sans-serif;font-size: 15px;letter-spacing: 0.4px;text-align: justify\">L&rsquo;adaptateur UB400 de TP-Link transforme votre PC ou votre ordinateur portable. En effet, il apporte \u00e0 votre PC non Bluetooth la technologie Bluetooth 4.0. Gr\u00e2ce \u00e0 cet adaptateur USB connectez simplement vos p\u00e9riph\u00e9riques Bluetooth&#8230;<\/span><\/p>\n","protected":false},"featured_media":2590,"comment_status":"open","ping_status":"closed","template":"","meta":{"_gspb_post_css":""},"store":[],"product_brand":[],"product_cat":[266,268,269,274],"product_tag":[],"class_list":{"0":"post-2591","1":"product","2":"type-product","3":"status-publish","4":"has-post-thumbnail","6":"product_cat-accessoireit","7":"product_cat-accessoirespourordinateurportable","8":"product_cat-composantspc","9":"product_cat-stockagededonnees","11":"first","12":"instock","13":"sale","14":"shipping-taxable","15":"purchasable","16":"product-type-simple"},"_links":{"self":[{"href":"https:\/\/bimba.sn\/index.php?rest_route=\/wp\/v2\/product\/2591","targetHints":{"allow":["GET"]}}],"collection":[{"href":"https:\/\/bimba.sn\/index.php?rest_route=\/wp\/v2\/product"}],"about":[{"href":"https:\/\/bimba.sn\/index.php?rest_route=\/wp\/v2\/types\/product"}],"replies":[{"embeddable":true,"href":"https:\/\/bimba.sn\/index.php?rest_route=%2Fwp%2Fv2%2Fcomments&post=2591"}],"wp:featuredmedia":[{"embeddable":true,"href":"https:\/\/bimba.sn\/index.php?rest_route=\/wp\/v2\/media\/2590"}],"wp:attachment":[{"href":"https:\/\/bimba.sn\/index.php?rest_route=%2Fwp%2Fv2%2Fmedia&parent=2591"}],"wp:term":[{"taxonomy":"store","embeddable":true,"href":"https:\/\/bimba.sn\/index.php?rest_route=%2Fwp%2Fv2%2Fstore&post=2591"},{"taxonomy":"product_brand","embeddable":true,"href":"https:\/\/bimba.sn\/index.php?rest_route=%2Fwp%2Fv2%2Fproduct_brand&post=2591"},{"taxonomy":"product_cat","embeddable":true,"href":"https:\/\/bimba.sn\/index.php?rest_route=%2Fwp%2Fv2%2Fproduct_cat&post=2591"},{"taxonomy":"product_tag","embeddable":true,"href":"https:\/\/bimba.sn\/index.php?rest_route=%2Fwp%2Fv2%2Fproduct_tag&post=2591"}],"curies":[{"name":"wp","href":"https:\/\/api.w.org\/{rel}","templated":true}]}}