{"id":2589,"date":"2025-05-03T14:06:33","date_gmt":"2025-05-03T12:06:33","guid":{"rendered":"https:\/\/bimba.sn\/?product=tp-link-cle-wifi-tp-link-150-mbps"},"modified":"2025-05-03T14:06:33","modified_gmt":"2025-05-03T12:06:33","slug":"tp-link-cle-wifi-tp-link-150-mbps","status":"publish","type":"product","link":"https:\/\/bimba.sn\/?product=tp-link-cle-wifi-tp-link-150-mbps","title":{"rendered":"TP Link CLE WIFI TP LINK 150 mbps"},"content":{"rendered":"<p><br data-mce-bogus=\"1\"><\/p>\n","protected":false},"excerpt":{"rendered":"<h2>TP-Link-Mini-Adaptateur-USB-WiFi-N150-Mbps<\/h2>\n<p>\u00a0<\/p>\n<ul>\n<li style=\"padding: 0px;margin: 0px\"><strong>La vitesse sans fil N allant jusqu\u2019\u00e0 300Mbps fait du TL-WN823N un outil id\u00e9al pour le streaming de flux vid\u00e9os<\/strong>, les jeux en ligne et les appels VoIP par Internet.<\/li>\n<li style=\"padding: 0px;margin: 0px\">Une simple pression sur le bouton \u201cWPS\u201d (Wi-Fi Protected Setup) permet de s\u00e9curiser la connexion sans fil par chiffrement.<\/li>\n<li style=\"padding: 0px;margin: 0px\">Prise en charge du mode SoftAP pour le partage d\u2019Internet sans fil<\/li>\n<li style=\"padding: 0px;margin: 0px\">Prise en charge des s\u00e9curit\u00e9s 64\/128 WEP, WPA \/WPA2\/WPA-PSK\/WPA2-PSK<\/li>\n<li style=\"padding: 0px;margin: 0px\">Compatible Windows XP 32\/64bits, Vista 32\/64bits, Windows 7 32\/64bits<\/li>\n<li style=\"padding: 0px;margin: 0px\">Prise en charge du mode Ad-Hoc et Infrastructure<\/li>\n<li style=\"padding: 0px;margin: 0px\">Prise en charge de Sony PSP X-Link pour des jeux vid\u00e9o en ligne sans ralentissement avec Windows XP.<\/li>\n<li style=\"padding: 0px;margin: 0px\">L\u2019utilitaire inclus permet une installation rapide et facile.<\/li>\n<li style=\"padding: 0px;margin: 0px\">Parfaitement compatible avec les produits 802.11b\/g\/n<\/li>\n<li style=\"padding: 0px;margin: 0px\">taille mini (mm) : 39.0 x 18.35 x 7.87<\/li>\n<\/ul>\n","protected":false},"featured_media":2586,"comment_status":"open","ping_status":"closed","template":"","meta":{"_gspb_post_css":""},"store":[],"product_brand":[],"product_cat":[275,268],"product_tag":[],"class_list":{"0":"post-2589","1":"product","2":"type-product","3":"status-publish","4":"has-post-thumbnail","6":"product_cat-accessoiresaudioetvideo","7":"product_cat-accessoirespourordinateurportable","9":"first","10":"instock","11":"sale","12":"shipping-taxable","13":"purchasable","14":"product-type-simple"},"_links":{"self":[{"href":"https:\/\/bimba.sn\/index.php?rest_route=\/wp\/v2\/product\/2589","targetHints":{"allow":["GET"]}}],"collection":[{"href":"https:\/\/bimba.sn\/index.php?rest_route=\/wp\/v2\/product"}],"about":[{"href":"https:\/\/bimba.sn\/index.php?rest_route=\/wp\/v2\/types\/product"}],"replies":[{"embeddable":true,"href":"https:\/\/bimba.sn\/index.php?rest_route=%2Fwp%2Fv2%2Fcomments&post=2589"}],"wp:featuredmedia":[{"embeddable":true,"href":"https:\/\/bimba.sn\/index.php?rest_route=\/wp\/v2\/media\/2586"}],"wp:attachment":[{"href":"https:\/\/bimba.sn\/index.php?rest_route=%2Fwp%2Fv2%2Fmedia&parent=2589"}],"wp:term":[{"taxonomy":"store","embeddable":true,"href":"https:\/\/bimba.sn\/index.php?rest_route=%2Fwp%2Fv2%2Fstore&post=2589"},{"taxonomy":"product_brand","embeddable":true,"href":"https:\/\/bimba.sn\/index.php?rest_route=%2Fwp%2Fv2%2Fproduct_brand&post=2589"},{"taxonomy":"product_cat","embeddable":true,"href":"https:\/\/bimba.sn\/index.php?rest_route=%2Fwp%2Fv2%2Fproduct_cat&post=2589"},{"taxonomy":"product_tag","embeddable":true,"href":"https:\/\/bimba.sn\/index.php?rest_route=%2Fwp%2Fv2%2Fproduct_tag&post=2589"}],"curies":[{"name":"wp","href":"https:\/\/api.w.org\/{rel}","templated":true}]}}