{"id":2583,"date":"2025-05-03T13:58:13","date_gmt":"2025-05-03T11:58:13","guid":{"rendered":"https:\/\/bimba.sn\/?product=disque-dur-externe-500-go-seagate-3-0"},"modified":"2025-05-03T13:58:13","modified_gmt":"2025-05-03T11:58:13","slug":"disque-dur-externe-500-go-seagate-3-0","status":"publish","type":"product","link":"https:\/\/bimba.sn\/?product=disque-dur-externe-500-go-seagate-3-0","title":{"rendered":"Disque dur externe 500 Go Seagate 3.0"},"content":{"rendered":"<table class=\"table table--fpDescTb\" role=\"table\" aria-label=\"Caract\u00e9ristiques du produit\">\n<caption class=\"u-visually-hidden\" style=\"--text-xs: calc(1rem*0.625*1);--text-sm: calc(1rem*0.75*1);--text: calc(1rem*0.875*1);--text-md: calc(1rem*1*1);--text-h4: calc(1rem*1*1);--text-h3: calc(1rem*1.125*1);--text-h2: calc(1rem*1.3125*1);--text-h1: calc(1rem*1.5*1);font: inherit;border: 0px;margin: 0px;padding: 0.5rem;text-align: left;vertical-align: baseline;height: 1px;overflow: hidden;position: absolute;width: 1px\">Tableau de caract\u00e9ristiques du produit<\/caption>\n<thead class=\"table__header u-visually-hidden\" role=\"rowgroup\" style=\"--text-xs: calc(1rem*0.625*1);--text-sm: calc(1rem*0.75*1);--text: calc(1rem*0.875*1);--text-md: calc(1rem*1*1);--text-h4: calc(1rem*1*1);--text-h3: calc(1rem*1.125*1);--text-h2: calc(1rem*1.3125*1);--text-h1: calc(1rem*1.5*1);font: inherit;border: 0px;margin: 0px;padding: 0px;height: 1px;overflow: hidden;position: absolute;width: 1px\">\n<tr class=\"table__row\" role=\"row\" style=\"--text-xs: calc(1rem*0.625*1);--text-sm: calc(1rem*0.75*1);--text: calc(1rem*0.875*1);--text-md: calc(1rem*1*1);--text-h4: calc(1rem*1*1);--text-h3: calc(1rem*1.125*1);--text-h2: calc(1rem*1.3125*1);--text-h1: calc(1rem*1.5*1);font: inherit;border: 0px;margin: 0px;padding: 0px\">\n<th class=\"table__cell\" scope=\"col\" role=\"columnheader\" style=\"--text-xs: calc(1rem*0.625*1);--text-sm: calc(1rem*0.75*1);--text: calc(1rem*0.875*1);--text-md: calc(1rem*1*1);--text-h4: calc(1rem*1*1);--text-h3: calc(1rem*1.125*1);--text-h2: calc(1rem*1.3125*1);--text-h1: calc(1rem*1.5*1);font-style: inherit;font-variant: inherit;line-height: inherit;border-width: 0px 0px 1px;border-top-style: initial;border-right-style: initial;border-bottom-style: solid;border-left-style: initial;border-top-color: initial;border-right-color: initial;border-left-color: initial;margin: 0px;padding: 8px;text-align: left;vertical-align: bottom;position: relative;z-index: 10;border-radius: 4px 0px 0px 4px\">Caract\u00e9ristique<\/th>\n<th class=\"table__cell\" scope=\"col\" role=\"columnheader\" style=\"--text-xs: calc(1rem*0.625*1);--text-sm: calc(1rem*0.75*1);--text: calc(1rem*0.875*1);--text-md: calc(1rem*1*1);--text-h4: calc(1rem*1*1);--text-h3: calc(1rem*1.125*1);--text-h2: calc(1rem*1.3125*1);--text-h1: calc(1rem*1.5*1);font-style: inherit;font-variant: inherit;line-height: inherit;border-width: 0px 0px 1px;border-top-style: initial;border-right-style: initial;border-bottom-style: solid;border-left-style: initial;border-top-color: initial;border-right-color: initial;border-left-color: initial;margin: 0px;padding: 8px;text-align: left;vertical-align: bottom;position: relative;z-index: 10;border-radius: 0px 4px 4px 0px\">Description<\/th>\n<\/tr>\n<\/thead>\n<tbody class=\"table__body\" role=\"rowgroup\" style=\"--text-xs: calc(1rem*0.625*1);--text-sm: calc(1rem*0.75*1);--text: calc(1rem*0.875*1);--text-md: calc(1rem*1*1);--text-h4: calc(1rem*1*1);--text-h3: calc(1rem*1.125*1);--text-h2: calc(1rem*1.3125*1);--text-h1: calc(1rem*1.5*1);font: inherit;border: 0px;margin: 0px;padding: 0px\">\n<tr class=\"table__row\" role=\"row\" style=\"--text-xs: calc(1rem*0.625*1);--text-sm: calc(1rem*0.75*1);--text: calc(1rem*0.875*1);--text-md: calc(1rem*1*1);--text-h4: calc(1rem*1*1);--text-h3: calc(1rem*1.125*1);--text-h2: calc(1rem*1.3125*1);--text-h1: calc(1rem*1.5*1);font: inherit;border: 0px;margin: 0px;padding: 0px\">\n<th scope=\"col\" class=\"table__head\" role=\"cell\" colspan=\"2\" style=\"--text-xs: calc(1rem*0.625*1);--text-sm: calc(1rem*0.75*1);--text: calc(1rem*0.875*1);--text-md: calc(1rem*1*1);--text-h4: calc(1rem*1*1);--text-h3: calc(1rem*1.125*1);--text-h2: calc(1rem*1.3125*1);--text-h1: calc(1rem*1.5*1);font-style: inherit;font-variant: inherit;font-size: 18px;line-height: 27px;border: 0px;margin: 0px;padding: 16px 8px;text-align: left;vertical-align: baseline\">Informations g\u00e9n\u00e9rales sur le produit<\/th>\n<\/tr>\n<tr class=\"table__row\" role=\"row\" style=\"--text-xs: calc(1rem*0.625*1);--text-sm: calc(1rem*0.75*1);--text: calc(1rem*0.875*1);--text-md: calc(1rem*1*1);--text-h4: calc(1rem*1*1);--text-h3: calc(1rem*1.125*1);--text-h2: calc(1rem*1.3125*1);--text-h1: calc(1rem*1.5*1);font: inherit;border: 0px;margin: 0px;padding: 0px\">\n<th class=\"table__cell\" role=\"cell\" scope=\"row\" style=\"--text-xs: calc(1rem*0.625*1);--text-sm: calc(1rem*0.75*1);--text: calc(1rem*0.875*1);--text-md: calc(1rem*1*1);--text-h4: calc(1rem*1*1);--text-h3: calc(1rem*1.125*1);--text-h2: calc(1rem*1.3125*1);--text-h1: calc(1rem*1.5*1);font-style: inherit;font-variant: inherit;line-height: inherit;border: 0px;margin: 0px;padding: 8px;text-align: left;vertical-align: baseline;border-radius: 4px 0px 0px 4px;width: 417.891px\">Marque Seagate<\/th>\n<td class=\"table__cell\" role=\"cell\" style=\"--text-xs: calc(1rem*0.625*1);--text-sm: calc(1rem*0.75*1);--text: calc(1rem*0.875*1);--text-md: calc(1rem*1*1);--text-h4: calc(1rem*1*1);--text-h3: calc(1rem*1.125*1);--text-h2: calc(1rem*1.3125*1);--text-h1: calc(1rem*1.5*1);font-style: inherit;font-variant: inherit;font-weight: inherit;line-height: inherit;border: 0px;margin: 0px;padding: 8px;max-width: 100%;border-spacing: 0px;border-collapse: separate;vertical-align: baseline;border-radius: 0px 4px 4px 0px;width: 975.109px\"><\/td>\n<\/tr>\n<tr class=\"table__row\" role=\"row\" style=\"--text-xs: calc(1rem*0.625*1);--text-sm: calc(1rem*0.75*1);--text: calc(1rem*0.875*1);--text-md: calc(1rem*1*1);--text-h4: calc(1rem*1*1);--text-h3: calc(1rem*1.125*1);--text-h2: calc(1rem*1.3125*1);--text-h1: calc(1rem*1.5*1);font: inherit;border: 0px;margin: 0px;padding: 0px\">\n<th class=\"table__cell\" role=\"cell\" scope=\"row\" style=\"--text-xs: calc(1rem*0.625*1);--text-sm: calc(1rem*0.75*1);--text: calc(1rem*0.875*1);--text-md: calc(1rem*1*1);--text-h4: calc(1rem*1*1);--text-h3: calc(1rem*1.125*1);--text-h2: calc(1rem*1.3125*1);--text-h1: calc(1rem*1.5*1);font-style: inherit;font-variant: inherit;line-height: inherit;border: 0px;margin: 0px;padding: 8px;text-align: left;vertical-align: baseline;border-radius: 4px 0px 0px 4px;width: 417.891px\">Nom du produit<\/th>\n<td class=\"table__cell\" role=\"cell\" style=\"--text-xs: calc(1rem*0.625*1);--text-sm: calc(1rem*0.75*1);--text: calc(1rem*0.875*1);--text-md: calc(1rem*1*1);--text-h4: calc(1rem*1*1);--text-h3: calc(1rem*1.125*1);--text-h2: calc(1rem*1.3125*1);--text-h1: calc(1rem*1.5*1);font-style: inherit;font-variant: inherit;font-weight: inherit;line-height: inherit;border: 0px;margin: 0px;padding: 8px;max-width: 100%;border-spacing: 0px;border-collapse: separate;vertical-align: baseline;border-radius: 0px 4px 4px 0px;width: 975.109px\">Disque dur externe &#8211; FDIT &#8211; 500 Go &#8211; USB 3.0 &#8211; 2.5 pouces &#8211; Portable et rapide<\/td>\n<\/tr>\n<tr class=\"table__row\" role=\"row\" style=\"--text-xs: calc(1rem*0.625*1);--text-sm: calc(1rem*0.75*1);--text: calc(1rem*0.875*1);--text-md: calc(1rem*1*1);--text-h4: calc(1rem*1*1);--text-h3: calc(1rem*1.125*1);--text-h2: calc(1rem*1.3125*1);--text-h1: calc(1rem*1.5*1);font: inherit;border: 0px;margin: 0px;padding: 0px\">\n<th class=\"table__cell\" role=\"cell\" scope=\"row\" style=\"--text-xs: calc(1rem*0.625*1);--text-sm: calc(1rem*0.75*1);--text: calc(1rem*0.875*1);--text-md: calc(1rem*1*1);--text-h4: calc(1rem*1*1);--text-h3: calc(1rem*1.125*1);--text-h2: calc(1rem*1.3125*1);--text-h1: calc(1rem*1.5*1);font-style: inherit;font-variant: inherit;line-height: inherit;border: 0px;margin: 0px;padding: 8px;text-align: left;vertical-align: baseline;border-radius: 4px 0px 0px 4px;width: 417.891px\">Cat\u00e9gorie<\/th>\n<td class=\"table__cell\" role=\"cell\" style=\"--text-xs: calc(1rem*0.625*1);--text-sm: calc(1rem*0.75*1);--text: calc(1rem*0.875*1);--text-md: calc(1rem*1*1);--text-h4: calc(1rem*1*1);--text-h3: calc(1rem*1.125*1);--text-h2: calc(1rem*1.3125*1);--text-h1: calc(1rem*1.5*1);font-style: inherit;font-variant: inherit;font-weight: inherit;line-height: inherit;border: 0px;margin: 0px;padding: 8px;max-width: 100%;border-spacing: 0px;border-collapse: separate;vertical-align: baseline;border-radius: 0px 4px 4px 0px;width: 975.109px\">DISQUE DUR EXTERNE<\/td>\n<\/tr>\n<tr class=\"table__row\" role=\"row\" style=\"--text-xs: calc(1rem*0.625*1);--text-sm: calc(1rem*0.75*1);--text: calc(1rem*0.875*1);--text-md: calc(1rem*1*1);--text-h4: calc(1rem*1*1);--text-h3: calc(1rem*1.125*1);--text-h2: calc(1rem*1.3125*1);--text-h1: calc(1rem*1.5*1);font: inherit;border: 0px;margin: 0px;padding: 0px\">\n<th scope=\"col\" class=\"table__head\" role=\"cell\" colspan=\"2\" style=\"--text-xs: calc(1rem*0.625*1);--text-sm: calc(1rem*0.75*1);--text: calc(1rem*0.875*1);--text-md: calc(1rem*1*1);--text-h4: calc(1rem*1*1);--text-h3: calc(1rem*1.125*1);--text-h2: calc(1rem*1.3125*1);--text-h1: calc(1rem*1.5*1);font-style: inherit;font-variant: inherit;font-size: 18px;line-height: 27px;border: 0px;margin: 0px;padding: 16px 8px;text-align: left;vertical-align: baseline\">Informations sur le produit<\/th>\n<\/tr>\n<tr class=\"table__row\" role=\"row\" style=\"--text-xs: calc(1rem*0.625*1);--text-sm: calc(1rem*0.75*1);--text: calc(1rem*0.875*1);--text-md: calc(1rem*1*1);--text-h4: calc(1rem*1*1);--text-h3: calc(1rem*1.125*1);--text-h2: calc(1rem*1.3125*1);--text-h1: calc(1rem*1.5*1);font: inherit;border: 0px;margin: 0px;padding: 0px\">\n<th class=\"table__cell\" role=\"cell\" scope=\"row\" style=\"--text-xs: calc(1rem*0.625*1);--text-sm: calc(1rem*0.75*1);--text: calc(1rem*0.875*1);--text-md: calc(1rem*1*1);--text-h4: calc(1rem*1*1);--text-h3: calc(1rem*1.125*1);--text-h2: calc(1rem*1.3125*1);--text-h1: calc(1rem*1.5*1);font-style: inherit;font-variant: inherit;line-height: inherit;border: 0px;margin: 0px;padding: 8px;text-align: left;vertical-align: baseline;border-radius: 4px 0px 0px 4px;width: 417.891px\">M\u00e9moire flash|Type d&rsquo;Interface<\/th>\n<td class=\"table__cell\" role=\"cell\" style=\"--text-xs: calc(1rem*0.625*1);--text-sm: calc(1rem*0.75*1);--text: calc(1rem*0.875*1);--text-md: calc(1rem*1*1);--text-h4: calc(1rem*1*1);--text-h3: calc(1rem*1.125*1);--text-h2: calc(1rem*1.3125*1);--text-h1: calc(1rem*1.5*1);font-style: inherit;font-variant: inherit;font-weight: inherit;line-height: inherit;border: 0px;margin: 0px;padding: 8px;max-width: 100%;border-spacing: 0px;border-collapse: separate;vertical-align: baseline;border-radius: 0px 4px 4px 0px;width: 975.109px\">USB 2.0<\/td>\n<\/tr>\n<tr class=\"table__row\" role=\"row\" style=\"--text-xs: calc(1rem*0.625*1);--text-sm: calc(1rem*0.75*1);--text: calc(1rem*0.875*1);--text-md: calc(1rem*1*1);--text-h4: calc(1rem*1*1);--text-h3: calc(1rem*1.125*1);--text-h2: calc(1rem*1.3125*1);--text-h1: calc(1rem*1.5*1);font: inherit;border: 0px;margin: 0px;padding: 0px\">\n<th scope=\"col\" class=\"table__head\" role=\"cell\" colspan=\"2\" style=\"--text-xs: calc(1rem*0.625*1);--text-sm: calc(1rem*0.75*1);--text: calc(1rem*0.875*1);--text-md: calc(1rem*1*1);--text-h4: calc(1rem*1*1);--text-h3: calc(1rem*1.125*1);--text-h2: calc(1rem*1.3125*1);--text-h1: calc(1rem*1.5*1);font-style: inherit;font-variant: inherit;font-size: 18px;line-height: 27px;border: 0px;margin: 0px;padding: 16px 8px;text-align: left;vertical-align: baseline\">G\u00e9n\u00e9ral<\/th>\n<\/tr>\n<tr class=\"table__row\" role=\"row\" style=\"--text-xs: calc(1rem*0.625*1);--text-sm: calc(1rem*0.75*1);--text: calc(1rem*0.875*1);--text-md: calc(1rem*1*1);--text-h4: calc(1rem*1*1);--text-h3: calc(1rem*1.125*1);--text-h2: calc(1rem*1.3125*1);--text-h1: calc(1rem*1.5*1);font: inherit;border: 0px;margin: 0px;padding: 0px\">\n<th class=\"table__cell\" role=\"cell\" scope=\"row\" style=\"--text-xs: calc(1rem*0.625*1);--text-sm: calc(1rem*0.75*1);--text: calc(1rem*0.875*1);--text-md: calc(1rem*1*1);--text-h4: calc(1rem*1*1);--text-h3: calc(1rem*1.125*1);--text-h2: calc(1rem*1.3125*1);--text-h1: calc(1rem*1.5*1);font-style: inherit;font-variant: inherit;line-height: inherit;border: 0px;margin: 0px;padding: 8px;text-align: left;vertical-align: baseline;border-radius: 4px 0px 0px 4px;width: 417.891px\">Type de p\u00e9riph\u00e9rique<\/th>\n<td class=\"table__cell\" role=\"cell\" style=\"--text-xs: calc(1rem*0.625*1);--text-sm: calc(1rem*0.75*1);--text: calc(1rem*0.875*1);--text-md: calc(1rem*1*1);--text-h4: calc(1rem*1*1);--text-h3: calc(1rem*1.125*1);--text-h2: calc(1rem*1.3125*1);--text-h1: calc(1rem*1.5*1);font-style: inherit;font-variant: inherit;font-weight: inherit;line-height: inherit;border: 0px;margin: 0px;padding: 8px;max-width: 100%;border-spacing: 0px;border-collapse: separate;vertical-align: baseline;border-radius: 0px 4px 4px 0px;width: 975.109px\">Disque dur externe<\/td>\n<\/tr>\n<tr class=\"table__row\" role=\"row\" style=\"--text-xs: calc(1rem*0.625*1);--text-sm: calc(1rem*0.75*1);--text: calc(1rem*0.875*1);--text-md: calc(1rem*1*1);--text-h4: calc(1rem*1*1);--text-h3: calc(1rem*1.125*1);--text-h2: calc(1rem*1.3125*1);--text-h1: calc(1rem*1.5*1);font: inherit;border: 0px;margin: 0px;padding: 0px\">\n<th class=\"table__cell\" role=\"cell\" scope=\"row\" style=\"--text-xs: calc(1rem*0.625*1);--text-sm: calc(1rem*0.75*1);--text: calc(1rem*0.875*1);--text-md: calc(1rem*1*1);--text-h4: calc(1rem*1*1);--text-h3: calc(1rem*1.125*1);--text-h2: calc(1rem*1.3125*1);--text-h1: calc(1rem*1.5*1);font-style: inherit;font-variant: inherit;line-height: inherit;border: 0px;margin: 0px;padding: 8px;text-align: left;vertical-align: baseline;border-radius: 4px 0px 0px 4px;width: 417.891px\">Capacit\u00e9<\/th>\n<td class=\"table__cell\" role=\"cell\" style=\"--text-xs: calc(1rem*0.625*1);--text-sm: calc(1rem*0.75*1);--text: calc(1rem*0.875*1);--text-md: calc(1rem*1*1);--text-h4: calc(1rem*1*1);--text-h3: calc(1rem*1.125*1);--text-h2: calc(1rem*1.3125*1);--text-h1: calc(1rem*1.5*1);font-style: inherit;font-variant: inherit;font-weight: inherit;line-height: inherit;border: 0px;margin: 0px;padding: 8px;max-width: 100%;border-spacing: 0px;border-collapse: separate;vertical-align: baseline;border-radius: 0px 4px 4px 0px;width: 975.109px\">500 Go<\/td>\n<\/tr>\n<tr class=\"table__row\" role=\"row\" style=\"--text-xs: calc(1rem*0.625*1);--text-sm: calc(1rem*0.75*1);--text: calc(1rem*0.875*1);--text-md: calc(1rem*1*1);--text-h4: calc(1rem*1*1);--text-h3: calc(1rem*1.125*1);--text-h2: calc(1rem*1.3125*1);--text-h1: calc(1rem*1.5*1);font: inherit;border: 0px;margin: 0px;padding: 0px\">\n<th class=\"table__cell\" role=\"cell\" scope=\"row\" style=\"--text-xs: calc(1rem*0.625*1);--text-sm: calc(1rem*0.75*1);--text: calc(1rem*0.875*1);--text-md: calc(1rem*1*1);--text-h4: calc(1rem*1*1);--text-h3: calc(1rem*1.125*1);--text-h2: calc(1rem*1.3125*1);--text-h1: calc(1rem*1.5*1);font-style: inherit;font-variant: inherit;line-height: inherit;border: 0px;margin: 0px;padding: 8px;text-align: left;vertical-align: baseline;border-radius: 4px 0px 0px 4px;width: 417.891px\">Interface<\/th>\n<td class=\"table__cell\" role=\"cell\" style=\"--text-xs: calc(1rem*0.625*1);--text-sm: calc(1rem*0.75*1);--text: calc(1rem*0.875*1);--text-md: calc(1rem*1*1);--text-h4: calc(1rem*1*1);--text-h3: calc(1rem*1.125*1);--text-h2: calc(1rem*1.3125*1);--text-h1: calc(1rem*1.5*1);font-style: inherit;font-variant: inherit;font-weight: inherit;line-height: inherit;border: 0px;margin: 0px;padding: 8px;max-width: 100%;border-spacing: 0px;border-collapse: separate;vertical-align: baseline;border-radius: 0px 4px 4px 0px;width: 975.109px\">USB 3.0<\/td>\n<\/tr>\n<tr class=\"table__row\" role=\"row\" style=\"--text-xs: calc(1rem*0.625*1);--text-sm: calc(1rem*0.75*1);--text: calc(1rem*0.875*1);--text-md: calc(1rem*1*1);--text-h4: calc(1rem*1*1);--text-h3: calc(1rem*1.125*1);--text-h2: calc(1rem*1.3125*1);--text-h1: calc(1rem*1.5*1);font: inherit;border: 0px;margin: 0px;padding: 0px\">\n<th scope=\"col\" class=\"table__head\" role=\"cell\" colspan=\"2\" style=\"--text-xs: calc(1rem*0.625*1);--text-sm: calc(1rem*0.75*1);--text: calc(1rem*0.875*1);--text-md: calc(1rem*1*1);--text-h4: calc(1rem*1*1);--text-h3: calc(1rem*1.125*1);--text-h2: calc(1rem*1.3125*1);--text-h1: calc(1rem*1.5*1);font-style: inherit;font-variant: inherit;font-size: 18px;line-height: 27px;border: 0px;margin: 0px;padding: 16px 8px;text-align: left;vertical-align: baseline\">Disque dur<\/th>\n<\/tr>\n<tr class=\"table__row\" role=\"row\" style=\"--text-xs: calc(1rem*0.625*1);--text-sm: calc(1rem*0.75*1);--text: calc(1rem*0.875*1);--text-md: calc(1rem*1*1);--text-h4: calc(1rem*1*1);--text-h3: calc(1rem*1.125*1);--text-h2: calc(1rem*1.3125*1);--text-h1: calc(1rem*1.5*1);font: inherit;border: 0px;margin: 0px;padding: 0px\">\n<th class=\"table__cell\" role=\"cell\" scope=\"row\" style=\"--text-xs: calc(1rem*0.625*1);--text-sm: calc(1rem*0.75*1);--text: calc(1rem*0.875*1);--text-md: calc(1rem*1*1);--text-h4: calc(1rem*1*1);--text-h3: calc(1rem*1.125*1);--text-h2: calc(1rem*1.3125*1);--text-h1: calc(1rem*1.5*1);font-style: inherit;font-variant: inherit;line-height: inherit;border: 0px;margin: 0px;padding: 8px;text-align: left;vertical-align: baseline;border-radius: 4px 0px 0px 4px;width: 417.891px\">Capacit\u00e9<\/th>\n<td class=\"table__cell\" role=\"cell\" style=\"--text-xs: calc(1rem*0.625*1);--text-sm: calc(1rem*0.75*1);--text: calc(1rem*0.875*1);--text-md: calc(1rem*1*1);--text-h4: calc(1rem*1*1);--text-h3: calc(1rem*1.125*1);--text-h2: calc(1rem*1.3125*1);--text-h1: calc(1rem*1.5*1);font-style: inherit;font-variant: inherit;font-weight: inherit;line-height: inherit;border: 0px;margin: 0px;padding: 8px;max-width: 100%;border-spacing: 0px;border-collapse: separate;vertical-align: baseline;border-radius: 0px 4px 4px 0px;width: 975.109px\">500 Go<\/td>\n<\/tr>\n<\/tbody>\n<\/table>\n","protected":false},"excerpt":{"rendered":"<p><span>Ce disque dur externe FDIT de 500 Go est compact et portable, id\u00e9al pour stocker documents, photos, musique et vid\u00e9os. Il se connecte facilement via USB 3.0, offrant un transfert de donn\u00e9es rapide. Sa conception robuste inclut un capteur de collision pour prot\u00e9ger vos donn\u00e9es. Compatible avec divers syst\u00e8mes Windows et Mac.<\/span><\/p>\n","protected":false},"featured_media":2580,"comment_status":"open","ping_status":"closed","template":"","meta":{"_gspb_post_css":""},"store":[],"product_brand":[],"product_cat":[],"product_tag":[],"class_list":{"0":"post-2583","1":"product","2":"type-product","3":"status-publish","4":"has-post-thumbnail","7":"first","8":"instock","9":"sale","10":"shipping-taxable","11":"purchasable","12":"product-type-simple"},"_links":{"self":[{"href":"https:\/\/bimba.sn\/index.php?rest_route=\/wp\/v2\/product\/2583","targetHints":{"allow":["GET"]}}],"collection":[{"href":"https:\/\/bimba.sn\/index.php?rest_route=\/wp\/v2\/product"}],"about":[{"href":"https:\/\/bimba.sn\/index.php?rest_route=\/wp\/v2\/types\/product"}],"replies":[{"embeddable":true,"href":"https:\/\/bimba.sn\/index.php?rest_route=%2Fwp%2Fv2%2Fcomments&post=2583"}],"wp:featuredmedia":[{"embeddable":true,"href":"https:\/\/bimba.sn\/index.php?rest_route=\/wp\/v2\/media\/2580"}],"wp:attachment":[{"href":"https:\/\/bimba.sn\/index.php?rest_route=%2Fwp%2Fv2%2Fmedia&parent=2583"}],"wp:term":[{"taxonomy":"store","embeddable":true,"href":"https:\/\/bimba.sn\/index.php?rest_route=%2Fwp%2Fv2%2Fstore&post=2583"},{"taxonomy":"product_brand","embeddable":true,"href":"https:\/\/bimba.sn\/index.php?rest_route=%2Fwp%2Fv2%2Fproduct_brand&post=2583"},{"taxonomy":"product_cat","embeddable":true,"href":"https:\/\/bimba.sn\/index.php?rest_route=%2Fwp%2Fv2%2Fproduct_cat&post=2583"},{"taxonomy":"product_tag","embeddable":true,"href":"https:\/\/bimba.sn\/index.php?rest_route=%2Fwp%2Fv2%2Fproduct_tag&post=2583"}],"curies":[{"name":"wp","href":"https:\/\/api.w.org\/{rel}","templated":true}]}}