{"id":2505,"date":"2025-05-01T20:51:19","date_gmt":"2025-05-01T18:51:19","guid":{"rendered":"https:\/\/bimba.sn\/?product=refrigerateur-astech-fc180a-3tirroirs"},"modified":"2025-05-01T20:51:19","modified_gmt":"2025-05-01T18:51:19","slug":"refrigerateur-astech-fc180a-3tirroirs","status":"publish","type":"product","link":"https:\/\/bimba.sn\/?product=refrigerateur-astech-fc180a-3tirroirs","title":{"rendered":"REFRIGERATEUR ASTECH FC180A 3TIRROIRS"},"content":{"rendered":"<p><br data-mce-bogus=\"1\"><\/p>\n","protected":false},"excerpt":{"rendered":"<p>Refrigerateur Combine ASTECH 3 Tiroirs FC-180<\/p>\n<ul>\n<li style=\"margin-bottom: 7px\">Marque : ASTECH<\/li>\n<li style=\"margin-bottom: 7px\">Capacit\u00e9 : 172 L<\/li>\n<li style=\"margin-bottom: 7px\">Capacit\u00e9 r\u00e9frig\u00e9rant 100 L<\/li>\n<li style=\"margin-bottom: 7px\">Capacit\u00e9 cong\u00e9lation 62 L<\/li>\n<li style=\"margin-bottom: 7px\">Nombre de tiroirs : 3<\/li>\n<li style=\"margin-bottom: 7px\">Classe \u00e9nerg\u00e9tique : A+<\/li>\n<li style=\"margin-bottom: 7px\">Nombre de portes : 2 portes<\/li>\n<li style=\"margin-bottom: 7px\">Type de pose : Pose libre<\/li>\n<\/ul>\n","protected":false},"featured_media":2504,"comment_status":"open","ping_status":"closed","template":"","meta":{"_gspb_post_css":""},"store":[],"product_brand":[],"product_cat":[198],"product_tag":[],"class_list":{"0":"post-2505","1":"product","2":"type-product","3":"status-publish","4":"has-post-thumbnail","6":"product_cat-electromenager","8":"first","9":"instock","10":"sale","11":"shipping-taxable","12":"purchasable","13":"product-type-simple"},"_links":{"self":[{"href":"https:\/\/bimba.sn\/index.php?rest_route=\/wp\/v2\/product\/2505","targetHints":{"allow":["GET"]}}],"collection":[{"href":"https:\/\/bimba.sn\/index.php?rest_route=\/wp\/v2\/product"}],"about":[{"href":"https:\/\/bimba.sn\/index.php?rest_route=\/wp\/v2\/types\/product"}],"replies":[{"embeddable":true,"href":"https:\/\/bimba.sn\/index.php?rest_route=%2Fwp%2Fv2%2Fcomments&post=2505"}],"wp:featuredmedia":[{"embeddable":true,"href":"https:\/\/bimba.sn\/index.php?rest_route=\/wp\/v2\/media\/2504"}],"wp:attachment":[{"href":"https:\/\/bimba.sn\/index.php?rest_route=%2Fwp%2Fv2%2Fmedia&parent=2505"}],"wp:term":[{"taxonomy":"store","embeddable":true,"href":"https:\/\/bimba.sn\/index.php?rest_route=%2Fwp%2Fv2%2Fstore&post=2505"},{"taxonomy":"product_brand","embeddable":true,"href":"https:\/\/bimba.sn\/index.php?rest_route=%2Fwp%2Fv2%2Fproduct_brand&post=2505"},{"taxonomy":"product_cat","embeddable":true,"href":"https:\/\/bimba.sn\/index.php?rest_route=%2Fwp%2Fv2%2Fproduct_cat&post=2505"},{"taxonomy":"product_tag","embeddable":true,"href":"https:\/\/bimba.sn\/index.php?rest_route=%2Fwp%2Fv2%2Fproduct_tag&post=2505"}],"curies":[{"name":"wp","href":"https:\/\/api.w.org\/{rel}","templated":true}]}}