{"id":2497,"date":"2025-05-01T19:33:18","date_gmt":"2025-05-01T17:33:18","guid":{"rendered":"https:\/\/bimba.sn\/?product=refrigerateur-astech-fb111ds-gris-fonce-bar-01p"},"modified":"2025-05-01T19:33:18","modified_gmt":"2025-05-01T17:33:18","slug":"refrigerateur-astech-fb111ds-gris-fonce-bar-01p","status":"publish","type":"product","link":"https:\/\/bimba.sn\/?product=refrigerateur-astech-fb111ds-gris-fonce-bar-01p","title":{"rendered":"REFRIGERATEUR ASTECH FB111DS GRIS FONCE BAR 01P"},"content":{"rendered":"<p><br data-mce-bogus=\"1\"><\/p>\n","protected":false},"excerpt":{"rendered":"<p>Astech bar FB111DS G Gris Fonc\u00e9<\/p>\n<p>Description: Marque ASTECH Mod\u00e8le FB-111-SG Type de produit Frigo bar 2 portes Couleur Gris Classe A Tensions 220-240C Fr\u00e9quence 50Hz Capacit\u00e9 90Litres Dimension Long 80cm\/ largeur 47cm Profondeur 43cm<\/p>\n<p><\/p>\n","protected":false},"featured_media":2496,"comment_status":"open","ping_status":"closed","template":"","meta":{"_gspb_post_css":""},"store":[],"product_brand":[],"product_cat":[198],"product_tag":[],"class_list":{"0":"post-2497","1":"product","2":"type-product","3":"status-publish","4":"has-post-thumbnail","6":"product_cat-electromenager","8":"first","9":"instock","10":"sale","11":"shipping-taxable","12":"purchasable","13":"product-type-simple"},"_links":{"self":[{"href":"https:\/\/bimba.sn\/index.php?rest_route=\/wp\/v2\/product\/2497","targetHints":{"allow":["GET"]}}],"collection":[{"href":"https:\/\/bimba.sn\/index.php?rest_route=\/wp\/v2\/product"}],"about":[{"href":"https:\/\/bimba.sn\/index.php?rest_route=\/wp\/v2\/types\/product"}],"replies":[{"embeddable":true,"href":"https:\/\/bimba.sn\/index.php?rest_route=%2Fwp%2Fv2%2Fcomments&post=2497"}],"wp:featuredmedia":[{"embeddable":true,"href":"https:\/\/bimba.sn\/index.php?rest_route=\/wp\/v2\/media\/2496"}],"wp:attachment":[{"href":"https:\/\/bimba.sn\/index.php?rest_route=%2Fwp%2Fv2%2Fmedia&parent=2497"}],"wp:term":[{"taxonomy":"store","embeddable":true,"href":"https:\/\/bimba.sn\/index.php?rest_route=%2Fwp%2Fv2%2Fstore&post=2497"},{"taxonomy":"product_brand","embeddable":true,"href":"https:\/\/bimba.sn\/index.php?rest_route=%2Fwp%2Fv2%2Fproduct_brand&post=2497"},{"taxonomy":"product_cat","embeddable":true,"href":"https:\/\/bimba.sn\/index.php?rest_route=%2Fwp%2Fv2%2Fproduct_cat&post=2497"},{"taxonomy":"product_tag","embeddable":true,"href":"https:\/\/bimba.sn\/index.php?rest_route=%2Fwp%2Fv2%2Fproduct_tag&post=2497"}],"curies":[{"name":"wp","href":"https:\/\/api.w.org\/{rel}","templated":true}]}}