{"id":2491,"date":"2025-05-01T18:04:59","date_gmt":"2025-05-01T16:04:59","guid":{"rendered":"https:\/\/bimba.sn\/?product=televiseur-astech-85zx500-smart-android-85"},"modified":"2025-05-01T19:13:18","modified_gmt":"2025-05-01T17:13:18","slug":"televiseur-astech-85zx500-smart-android-85","status":"publish","type":"product","link":"https:\/\/bimba.sn\/?product=televiseur-astech-85zx500-smart-android-85","title":{"rendered":"TELEVISEUR ASTECH 85ZX500 SMART ANDROID 85\u00a0\u00bb"},"content":{"rendered":"<p><\/p>\n","protected":false},"excerpt":{"rendered":"<p>TELEVISEUR Astech 85 SMART ANDROID QLED TV 85ZX500-QD<\/p>\n<p>ASTECH SMART<\/p>\n<p>Taille \u00e9cran 85\u2033<\/p>\n<p><span lang=\"en-us\" xml:lang=\"en-us\">Peneaux LED Full HD 3840 x 2160<\/span><\/p>\n<p>Smart Hub et une fonction \u00e0 distance<\/p>\n<p>Technologie de mise en miroir d\u2019\u00e9cran mobile<\/p>\n<p>Connectivit\u00e9 Wi-Fi et Ethernet int\u00e9gr\u00e9e<\/p>\n<p>Acc\u00e9dez \u00e0 l\u2019interface Smart TV<\/p>\n<p>Navigateur Web complet<\/p>\n<p>2 x ports HDMI<\/p>\n<p>1 x port USB<\/p>\n<p>1 x port vid\u00e9o composante<\/p>\n<p>PurColor<\/p>\n<p>Dolby Digital Plus<\/p>\n<p>Hub intelligent avec vos applications pr\u00e9f\u00e9r\u00e9es: Youtube, Netflix, etc.<\/p>\n<p>Smart<\/p>\n","protected":false},"featured_media":2490,"comment_status":"open","ping_status":"closed","template":"","meta":{"_gspb_post_css":""},"store":[],"product_brand":[],"product_cat":[198],"product_tag":[],"class_list":{"0":"post-2491","1":"product","2":"type-product","3":"status-publish","4":"has-post-thumbnail","6":"product_cat-electromenager","8":"first","9":"instock","10":"sale","11":"shipping-taxable","12":"purchasable","13":"product-type-simple"},"_links":{"self":[{"href":"https:\/\/bimba.sn\/index.php?rest_route=\/wp\/v2\/product\/2491","targetHints":{"allow":["GET"]}}],"collection":[{"href":"https:\/\/bimba.sn\/index.php?rest_route=\/wp\/v2\/product"}],"about":[{"href":"https:\/\/bimba.sn\/index.php?rest_route=\/wp\/v2\/types\/product"}],"replies":[{"embeddable":true,"href":"https:\/\/bimba.sn\/index.php?rest_route=%2Fwp%2Fv2%2Fcomments&post=2491"}],"wp:featuredmedia":[{"embeddable":true,"href":"https:\/\/bimba.sn\/index.php?rest_route=\/wp\/v2\/media\/2490"}],"wp:attachment":[{"href":"https:\/\/bimba.sn\/index.php?rest_route=%2Fwp%2Fv2%2Fmedia&parent=2491"}],"wp:term":[{"taxonomy":"store","embeddable":true,"href":"https:\/\/bimba.sn\/index.php?rest_route=%2Fwp%2Fv2%2Fstore&post=2491"},{"taxonomy":"product_brand","embeddable":true,"href":"https:\/\/bimba.sn\/index.php?rest_route=%2Fwp%2Fv2%2Fproduct_brand&post=2491"},{"taxonomy":"product_cat","embeddable":true,"href":"https:\/\/bimba.sn\/index.php?rest_route=%2Fwp%2Fv2%2Fproduct_cat&post=2491"},{"taxonomy":"product_tag","embeddable":true,"href":"https:\/\/bimba.sn\/index.php?rest_route=%2Fwp%2Fv2%2Fproduct_tag&post=2491"}],"curies":[{"name":"wp","href":"https:\/\/api.w.org\/{rel}","templated":true}]}}