{"id":2461,"date":"2025-04-30T23:46:33","date_gmt":"2025-04-30T21:46:33","guid":{"rendered":"https:\/\/bimba.sn\/?product=televiseur-astech-65ac111-smart-google-tv-65"},"modified":"2025-05-01T00:18:04","modified_gmt":"2025-04-30T22:18:04","slug":"televiseur-astech-65ac111-smart-google-tv-65","status":"publish","type":"product","link":"https:\/\/bimba.sn\/?product=televiseur-astech-65ac111-smart-google-tv-65","title":{"rendered":"TELEVISEUR ASTECH 65AC111 SMART GOOGLE TV 65&Prime;"},"content":{"rendered":"<p data-mce-style=\"margin-bottom: 1.7em; margin-top: 0px;\" style=\"margin-bottom: 1.7em;margin-top: 0px\">TELEVISEUR ASTECH 65AC111 SMART ANDROID 65<\/p>\n<p data-mce-style=\"margin-bottom: 1.7em; margin-top: 0px;\" style=\"margin-bottom: 1.7em;margin-top: 0px\">ASTECH SMART<\/p>\n<p data-mce-style=\"margin-bottom: 1.7em; margin-top: 0px;\" style=\"margin-bottom: 1.7em;margin-top: 0px\">Taille \u00e9cran 65\u2033<\/p>\n<p data-mce-style=\"margin-bottom: 1.7em; margin-top: 0px;\" style=\"margin-bottom: 1.7em;margin-top: 0px\"><span lang=\"en-us\" xml:lang=\"en-us\">Peneaux LED ultra HD<\/span><\/p>\n<p data-mce-style=\"margin-bottom: 1.7em; margin-top: 0px;\" style=\"margin-bottom: 1.7em;margin-top: 0px\">Smart Hub et une fonction \u00e0 distance<\/p>\n<p data-mce-style=\"margin-bottom: 1.7em; margin-top: 0px;\" style=\"margin-bottom: 1.7em;margin-top: 0px\">Technologie de mise en miroir d\u2019\u00e9cran mobile<\/p>\n<p data-mce-style=\"margin-bottom: 1.7em; margin-top: 0px;\" style=\"margin-bottom: 1.7em;margin-top: 0px\">Connectivit\u00e9 Wi-Fi et Ethernet int\u00e9gr\u00e9e<\/p>\n<p data-mce-style=\"margin-bottom: 1.7em; margin-top: 0px;\" style=\"margin-bottom: 1.7em;margin-top: 0px\">Acc\u00e9dez \u00e0 l\u2019interface Smart TV<\/p>\n<p data-mce-style=\"margin-bottom: 1.7em; margin-top: 0px;\" style=\"margin-bottom: 1.7em;margin-top: 0px\">Navigateur Web complet<\/p>\n<p data-mce-style=\"margin-bottom: 1.7em; margin-top: 0px;\" style=\"margin-bottom: 1.7em;margin-top: 0px\">2 x ports HDMI<\/p>\n<p data-mce-style=\"margin-bottom: 1.7em; margin-top: 0px;\" style=\"margin-bottom: 1.7em;margin-top: 0px\">1 x port USB<\/p>\n<p data-mce-style=\"margin-bottom: 1.7em; margin-top: 0px;\" style=\"margin-bottom: 1.7em;margin-top: 0px\">1 x port vid\u00e9o composante<\/p>\n<p data-mce-style=\"margin-bottom: 1.7em; margin-top: 0px;\" style=\"margin-bottom: 1.7em;margin-top: 0px\">PurColor<\/p>\n<p data-mce-style=\"margin-bottom: 1.7em; margin-top: 0px;\" style=\"margin-bottom: 1.7em;margin-top: 0px\">Dolby Digital Plus<\/p>\n<p data-mce-style=\"margin-bottom: 1.7em; margin-top: 0px;\" style=\"margin-bottom: 1.7em;margin-top: 0px\">Hub intelligent avec vos applications pr\u00e9f\u00e9r\u00e9es: Youtube, Netflix, etc.<\/p>\n<p data-mce-style=\"margin-bottom: 1.7em; margin-top: 0px;\" style=\"margin-bottom: 1.7em;margin-top: 0px\">Smart<\/p>\n","protected":false},"excerpt":{"rendered":"<div id=\"primary\" class=\"content-area col-md-9 col-sm-12 col-xs-12\" style=\"position: relative;min-height: 1px;padding-left: 15px;padding-right: 15px;float: left;width: 900px\" data-mce-style=\"position: relative; min-height: 1px; padding-left: 15px; padding-right: 15px; float: left; width: 900px;\">\n<div data-slug=\"\" class=\"wpf-search-container\">\n<div id=\"product-66525\" class=\"mf-single-product mf-product-layout-2 mf-product-sidebar product type-product post-66525 status-publish first instock product_cat-astech-television product_cat-television has-post-thumbnail sale shipping-taxable purchasable product-type-simple\" style=\"margin-bottom: 0px;position: relative\" data-mce-style=\"margin-bottom: 0px; position: relative;\">\n<div class=\"mf-product-summary\">\n<div class=\"woocommerce-tabs wc-tabs-wrapper\" style=\"margin-bottom: 80px\" data-mce-style=\"margin-bottom: 80px;\">\n<div class=\"woocommerce-Tabs-panel woocommerce-Tabs-panel--description panel entry-content wc-tab\" id=\"tab-description\" role=\"tabpanel\" aria-labelledby=\"tab-title-description\" style=\"margin: 0px;padding: 0px\" data-mce-style=\"margin: 0px; padding: 0px;\">\n<p style=\"margin-bottom: 1.7em;margin-top: 0px\" data-mce-style=\"margin-bottom: 1.7em; margin-top: 0px;\">TELEVISEUR ASTECH 65AC111 SMART ANDROID 65<\/p>\n<p style=\"margin-bottom: 1.7em;margin-top: 0px\" data-mce-style=\"margin-bottom: 1.7em; margin-top: 0px;\">ASTECH SMART<\/p>\n<p style=\"margin-bottom: 1.7em;margin-top: 0px\" data-mce-style=\"margin-bottom: 1.7em; margin-top: 0px;\">Taille \u00e9cran 65\u2033<\/p>\n<p style=\"margin-bottom: 1.7em;margin-top: 0px\" data-mce-style=\"margin-bottom: 1.7em; margin-top: 0px;\"><span lang=\"en-us\" xml:lang=\"en-us\">Peneaux LED ultra HD<\/span><\/p>\n<p style=\"margin-bottom: 1.7em;margin-top: 0px\" data-mce-style=\"margin-bottom: 1.7em; margin-top: 0px;\">Smart Hub et une fonction \u00e0 distance<\/p>\n<p style=\"margin-bottom: 1.7em;margin-top: 0px\" data-mce-style=\"margin-bottom: 1.7em; margin-top: 0px;\">Technologie de mise en miroir d\u2019\u00e9cran mobile<\/p>\n<p style=\"margin-bottom: 1.7em;margin-top: 0px\" data-mce-style=\"margin-bottom: 1.7em; margin-top: 0px;\">Connectivit\u00e9 Wi-Fi et Ethernet int\u00e9gr\u00e9e<\/p>\n<p style=\"margin-bottom: 1.7em;margin-top: 0px\" data-mce-style=\"margin-bottom: 1.7em; margin-top: 0px;\">Acc\u00e9dez \u00e0 l\u2019interface Smart TV<\/p>\n<p style=\"margin-bottom: 1.7em;margin-top: 0px\" data-mce-style=\"margin-bottom: 1.7em; margin-top: 0px;\">Navigateur Web complet<\/p>\n<p style=\"margin-bottom: 1.7em;margin-top: 0px\" data-mce-style=\"margin-bottom: 1.7em; margin-top: 0px;\">2 x ports HDMI<\/p>\n<p style=\"margin-bottom: 1.7em;margin-top: 0px\" data-mce-style=\"margin-bottom: 1.7em; margin-top: 0px;\">1 x port USB<\/p>\n<p style=\"margin-bottom: 1.7em;margin-top: 0px\" data-mce-style=\"margin-bottom: 1.7em; margin-top: 0px;\">1 x port vid\u00e9o composante<\/p>\n<p style=\"margin-bottom: 1.7em;margin-top: 0px\" data-mce-style=\"margin-bottom: 1.7em; margin-top: 0px;\">PurColor<\/p>\n<p style=\"margin-bottom: 1.7em;margin-top: 0px\" data-mce-style=\"margin-bottom: 1.7em; margin-top: 0px;\">Dolby Digital Plus<\/p>\n<p style=\"margin-bottom: 1.7em;margin-top: 0px\" data-mce-style=\"margin-bottom: 1.7em; margin-top: 0px;\">Hub intelligent avec vos applications pr\u00e9f\u00e9r\u00e9es: Youtube, Netflix, etc.<\/p>\n<p style=\"margin-bottom: 1.7em;margin-top: 0px\" data-mce-style=\"margin-bottom: 1.7em; margin-top: 0px;\">Smart<\/p>\n<\/div>\n<\/div>\n<\/div>\n<\/div>\n<\/div>\n<\/div>\n<aside id=\"primary-sidebar\" class=\"widgets-area primary-sidebar col-md-3 col-sm-12 col-xs-12 product-sidebar\" style=\"position: relative;min-height: 1px;padding-left: 15px;padding-right: 15px;float: left;width: 300px\" data-mce-style=\"position: relative; min-height: 1px; padding-left: 15px; padding-right: 15px; float: left; width: 300px;\">\n<div id=\"custom_html-20\" class=\"widget_text widget widget_custom_html\">\n<div class=\"textwidget custom-html-widget\"><\/div>\n<\/div>\n<div id=\"custom_html-22\" class=\"widget_text widget widget_custom_html\">\n<div class=\"textwidget custom-html-widget\"><\/div>\n<\/div>\n<\/aside>\n","protected":false},"featured_media":2460,"comment_status":"open","ping_status":"closed","template":"","meta":{"_gspb_post_css":""},"store":[],"product_brand":[],"product_cat":[198],"product_tag":[],"class_list":{"0":"post-2461","1":"product","2":"type-product","3":"status-publish","4":"has-post-thumbnail","6":"product_cat-electromenager","8":"first","9":"instock","10":"sale","11":"shipping-taxable","12":"purchasable","13":"product-type-simple"},"_links":{"self":[{"href":"https:\/\/bimba.sn\/index.php?rest_route=\/wp\/v2\/product\/2461","targetHints":{"allow":["GET"]}}],"collection":[{"href":"https:\/\/bimba.sn\/index.php?rest_route=\/wp\/v2\/product"}],"about":[{"href":"https:\/\/bimba.sn\/index.php?rest_route=\/wp\/v2\/types\/product"}],"replies":[{"embeddable":true,"href":"https:\/\/bimba.sn\/index.php?rest_route=%2Fwp%2Fv2%2Fcomments&post=2461"}],"wp:featuredmedia":[{"embeddable":true,"href":"https:\/\/bimba.sn\/index.php?rest_route=\/wp\/v2\/media\/2460"}],"wp:attachment":[{"href":"https:\/\/bimba.sn\/index.php?rest_route=%2Fwp%2Fv2%2Fmedia&parent=2461"}],"wp:term":[{"taxonomy":"store","embeddable":true,"href":"https:\/\/bimba.sn\/index.php?rest_route=%2Fwp%2Fv2%2Fstore&post=2461"},{"taxonomy":"product_brand","embeddable":true,"href":"https:\/\/bimba.sn\/index.php?rest_route=%2Fwp%2Fv2%2Fproduct_brand&post=2461"},{"taxonomy":"product_cat","embeddable":true,"href":"https:\/\/bimba.sn\/index.php?rest_route=%2Fwp%2Fv2%2Fproduct_cat&post=2461"},{"taxonomy":"product_tag","embeddable":true,"href":"https:\/\/bimba.sn\/index.php?rest_route=%2Fwp%2Fv2%2Fproduct_tag&post=2461"}],"curies":[{"name":"wp","href":"https:\/\/api.w.org\/{rel}","templated":true}]}}