{"id":2456,"date":"2025-04-30T19:26:36","date_gmt":"2025-04-30T17:26:36","guid":{"rendered":"https:\/\/bimba.sn\/?product=televiseur-astech-50gt3022-smart-google-tv-50"},"modified":"2025-04-30T21:04:22","modified_gmt":"2025-04-30T19:04:22","slug":"televiseur-astech-50gt3022-smart-google-tv-50","status":"publish","type":"product","link":"https:\/\/bimba.sn\/?product=televiseur-astech-50gt3022-smart-google-tv-50","title":{"rendered":"TELEVISEUR ASTECH 50GT3022 SMART GOOGLE TV 50&Prime;"},"content":{"rendered":"<p><\/p>\n","protected":false},"excerpt":{"rendered":"<div id=\"primary\" class=\"content-area col-md-9 col-sm-12 col-xs-12\" style=\"position: relative;min-height: 1px;padding-left: 15px;padding-right: 15px;float: left;width: 900px\">\n<div data-slug=\"\" class=\"wpf-search-container\">\n<div id=\"product-64223\" class=\"mf-single-product mf-product-layout-2 mf-product-sidebar product type-product post-64223 status-publish first instock product_cat-astech-television product_cat-electromenager product_cat-television product_tag-full-hd has-post-thumbnail sale shipping-taxable purchasable product-type-simple\" style=\"margin-bottom: 0px;position: relative\">\n<div class=\"mf-product-summary\">\n<div class=\"woocommerce-tabs wc-tabs-wrapper\" style=\"margin-bottom: 80px\">\n<div class=\"woocommerce-Tabs-panel woocommerce-Tabs-panel--description panel entry-content wc-tab\" id=\"tab-description\" role=\"tabpanel\" aria-labelledby=\"tab-title-description\" style=\"margin: 0px;padding: 0px\">\n<p style=\"margin-bottom: 1.7em;margin-top: 0px\">T\u00e9l\u00e9viseur astech 50 pouces smart android 2024 google tv 50GT3022<\/p>\n<ol style=\"padding-left: 20px\">\n<li style=\"margin-bottom: 7px\">Taille \u00e9cran : 50 pouces<\/li>\n<li style=\"margin-bottom: 7px\"><span lang=\"en-us\" xml:lang=\"en-us\">Peneaux LED Full HD 3840 x 2160<\/span><\/li>\n<li style=\"margin-bottom: 7px\">Smart Hub et une fonction \u00e0 distance<\/li>\n<li style=\"margin-bottom: 7px\">Technologie de mise en miroir d\u2019\u00e9cran mobile<\/li>\n<li style=\"margin-bottom: 7px\">Connectivit\u00e9 Wi-Fi et Ethernet int\u00e9gr\u00e9e<\/li>\n<li style=\"margin-bottom: 7px\">Acc\u00e9dez \u00e0 l\u2019interface Smart TV de Samsung<\/li>\n<li style=\"margin-bottom: 7px\">Navigateur Web complet<\/li>\n<li style=\"margin-bottom: 7px\">2 x ports HDMI<\/li>\n<li style=\"margin-bottom: 7px\">1 x port USB<\/li>\n<li style=\"margin-bottom: 7px\">1 x port vid\u00e9o composante<\/li>\n<li style=\"margin-bottom: 7px\">PurColor<\/li>\n<li style=\"margin-bottom: 7px\">Dolby Digital Plus<\/li>\n<\/ol>\n<\/div>\n<\/div>\n<\/div>\n<\/div>\n<\/div>\n<\/div>\n<aside id=\"primary-sidebar\" class=\"widgets-area primary-sidebar col-md-3 col-sm-12 col-xs-12  product-sidebar\" style=\"position: relative;min-height: 1px;padding-left: 15px;padding-right: 15px;float: left;width: 300px\">\n<div id=\"block-2\" class=\"widget widget_block\">\n<ul class=\"mf-shipping-info\" style=\"list-style-type: square;padding: 0px;margin: 0px\"><br data-mce-bogus=\"1\"><\/ul>\n<\/div>\n<div id=\"custom_html-20\" class=\"widget_text widget widget_custom_html\">\n<div class=\"textwidget custom-html-widget\">\n<p><span class=\"icon-network\"><\/span><br \/><span class=\"icon-3d-rotate\"><\/span><\/p>\n<\/div>\n<\/div>\n<div id=\"custom_html-22\" class=\"widget_text widget widget_custom_html\">\n<div class=\"textwidget custom-html-widget\"><\/div>\n<\/div>\n<p><br class=\"Apple-interchange-newline\"><\/aside>\n","protected":false},"featured_media":2457,"comment_status":"open","ping_status":"closed","template":"","meta":{"_gspb_post_css":""},"store":[],"product_brand":[],"product_cat":[198],"product_tag":[],"class_list":{"0":"post-2456","1":"product","2":"type-product","3":"status-publish","4":"has-post-thumbnail","6":"product_cat-electromenager","8":"first","9":"instock","10":"sale","11":"shipping-taxable","12":"purchasable","13":"product-type-simple"},"_links":{"self":[{"href":"https:\/\/bimba.sn\/index.php?rest_route=\/wp\/v2\/product\/2456","targetHints":{"allow":["GET"]}}],"collection":[{"href":"https:\/\/bimba.sn\/index.php?rest_route=\/wp\/v2\/product"}],"about":[{"href":"https:\/\/bimba.sn\/index.php?rest_route=\/wp\/v2\/types\/product"}],"replies":[{"embeddable":true,"href":"https:\/\/bimba.sn\/index.php?rest_route=%2Fwp%2Fv2%2Fcomments&post=2456"}],"wp:featuredmedia":[{"embeddable":true,"href":"https:\/\/bimba.sn\/index.php?rest_route=\/wp\/v2\/media\/2457"}],"wp:attachment":[{"href":"https:\/\/bimba.sn\/index.php?rest_route=%2Fwp%2Fv2%2Fmedia&parent=2456"}],"wp:term":[{"taxonomy":"store","embeddable":true,"href":"https:\/\/bimba.sn\/index.php?rest_route=%2Fwp%2Fv2%2Fstore&post=2456"},{"taxonomy":"product_brand","embeddable":true,"href":"https:\/\/bimba.sn\/index.php?rest_route=%2Fwp%2Fv2%2Fproduct_brand&post=2456"},{"taxonomy":"product_cat","embeddable":true,"href":"https:\/\/bimba.sn\/index.php?rest_route=%2Fwp%2Fv2%2Fproduct_cat&post=2456"},{"taxonomy":"product_tag","embeddable":true,"href":"https:\/\/bimba.sn\/index.php?rest_route=%2Fwp%2Fv2%2Fproduct_tag&post=2456"}],"curies":[{"name":"wp","href":"https:\/\/api.w.org\/{rel}","templated":true}]}}