{"id":2454,"date":"2025-04-30T17:35:40","date_gmt":"2025-04-30T15:35:40","guid":{"rendered":"https:\/\/bimba.sn\/?product=televiseur-astech-43gt3022a-smart-google-tv-43"},"modified":"2025-04-30T17:35:40","modified_gmt":"2025-04-30T15:35:40","slug":"televiseur-astech-43gt3022a-smart-google-tv-43","status":"publish","type":"product","link":"https:\/\/bimba.sn\/?product=televiseur-astech-43gt3022a-smart-google-tv-43","title":{"rendered":"TELEVISEUR ASTECH 43GT3022A SMART GOOGLE TV 43&Prime;"},"content":{"rendered":"<p><br data-mce-bogus=\"1\"><\/p>\n","protected":false},"excerpt":{"rendered":"<ul>\n<li style=\"padding: 0px;margin: 0px\">Type Produit : T\u00e9l\u00e9viseur Led<\/li>\n<li style=\"padding: 0px;margin: 0px\">Marque : Astech<\/li>\n<li style=\"padding: 0px;margin: 0px\">Smart\u00a0Android TV<\/li>\n<li style=\"padding: 0px;margin: 0px\">Ecran : 43 pouces (108 cm)<\/li>\n<li style=\"padding: 0px;margin: 0px\">Smart Hub et une fonction \u00e0 distance<\/li>\n<li style=\"padding: 0px;margin: 0px\">Technologie de mise en miroir d\u2019\u00e9cran mobile<\/li>\n<li style=\"padding: 0px;margin: 0px\">Connectivit\u00e9 Wi-Fi et Ethernet int\u00e9gr\u00e9e<\/li>\n<li style=\"padding: 0px;margin: 0px\">Acc\u00e9dez \u00e0 l\u2019interface Smart TV de Samsung<\/li>\n<li style=\"padding: 0px;margin: 0px\">Navigateur Web complet<\/li>\n<li style=\"padding: 0px;margin: 0px\">2 x ports HDMI<\/li>\n<li style=\"padding: 0px;margin: 0px\">1 x port USB<\/li>\n<li style=\"padding: 0px;margin: 0px\">1 x port vid\u00e9o composante<\/li>\n<li style=\"padding: 0px;margin: 0px\">PurColor<\/li>\n<li style=\"padding: 0px;margin: 0px\">Dolby Digital Plus<\/li>\n<li style=\"padding: 0px;margin: 0px\">Hub intelligent avec vos applications pr\u00e9f\u00e9r\u00e9es: Youtube, Netflix, etc.<\/li>\n<\/ul>\n<ul>\n<li style=\"padding: 0px;margin: 0px\">Garantie: 12 mois<\/li>\n<\/ul>\n","protected":false},"featured_media":2453,"comment_status":"open","ping_status":"closed","template":"","meta":{"_gspb_post_css":""},"store":[],"product_brand":[],"product_cat":[198],"product_tag":[],"class_list":{"0":"post-2454","1":"product","2":"type-product","3":"status-publish","4":"has-post-thumbnail","6":"product_cat-electromenager","8":"first","9":"instock","10":"sale","11":"shipping-taxable","12":"purchasable","13":"product-type-simple"},"_links":{"self":[{"href":"https:\/\/bimba.sn\/index.php?rest_route=\/wp\/v2\/product\/2454","targetHints":{"allow":["GET"]}}],"collection":[{"href":"https:\/\/bimba.sn\/index.php?rest_route=\/wp\/v2\/product"}],"about":[{"href":"https:\/\/bimba.sn\/index.php?rest_route=\/wp\/v2\/types\/product"}],"replies":[{"embeddable":true,"href":"https:\/\/bimba.sn\/index.php?rest_route=%2Fwp%2Fv2%2Fcomments&post=2454"}],"wp:featuredmedia":[{"embeddable":true,"href":"https:\/\/bimba.sn\/index.php?rest_route=\/wp\/v2\/media\/2453"}],"wp:attachment":[{"href":"https:\/\/bimba.sn\/index.php?rest_route=%2Fwp%2Fv2%2Fmedia&parent=2454"}],"wp:term":[{"taxonomy":"store","embeddable":true,"href":"https:\/\/bimba.sn\/index.php?rest_route=%2Fwp%2Fv2%2Fstore&post=2454"},{"taxonomy":"product_brand","embeddable":true,"href":"https:\/\/bimba.sn\/index.php?rest_route=%2Fwp%2Fv2%2Fproduct_brand&post=2454"},{"taxonomy":"product_cat","embeddable":true,"href":"https:\/\/bimba.sn\/index.php?rest_route=%2Fwp%2Fv2%2Fproduct_cat&post=2454"},{"taxonomy":"product_tag","embeddable":true,"href":"https:\/\/bimba.sn\/index.php?rest_route=%2Fwp%2Fv2%2Fproduct_tag&post=2454"}],"curies":[{"name":"wp","href":"https:\/\/api.w.org\/{rel}","templated":true}]}}