{"id":2442,"date":"2025-04-29T22:28:47","date_gmt":"2025-04-29T20:28:47","guid":{"rendered":"https:\/\/bimba.sn\/?product=hp-probook-430-g8-i7-tactile"},"modified":"2025-04-30T22:44:35","modified_gmt":"2025-04-30T20:44:35","slug":"hp-probook-430-g8-i7-tactile","status":"publish","type":"product","link":"https:\/\/bimba.sn\/?product=hp-probook-430-g8-i7-tactile","title":{"rendered":"HP Probook 430 G8 Ecran 14&Prime; tactile core i7 16go ram 512Go SSD"},"content":{"rendered":"<p><\/p>\n","protected":false},"excerpt":{"rendered":"<p>Avec son nouveau design compact, l\u2019ordinateur portable HP ProBook 430 assure des performances, une s\u00e9curit\u00e9 et une robustesse hors pair \u00e0 tous les professionnels dynamiques des entreprises en pleine croissance, qui se d\u00e9placent sans cesse entre leur bureau, une salle de r\u00e9union et leur domicile.<\/p>\n<ul>\n<li style=\"margin: 0px 0px 10px;padding: 0px;border: 0px;vertical-align: baseline;font-style: inherit;font-variant: inherit;font-weight: inherit;line-height: inherit;font-family: inherit\" data-mce-style=\"margin: 0px 0px 10px; padding: 0px; border: 0px; vertical-align: baseline; font-style: inherit; font-variant: inherit; font-weight: inherit; line-height: inherit; font-family: inherit;\">Syst\u00e8me d\u2019exploitation Windows 11 Professionnel<\/li>\n<li style=\"margin: 0px 0px 10px;padding: 0px;border: 0px;vertical-align: baseline;font-style: inherit;font-variant: inherit;font-weight: inherit;line-height: inherit;font-family: inherit\" data-mce-style=\"margin: 0px 0px 10px; padding: 0px; border: 0px; vertical-align: baseline; font-style: inherit; font-variant: inherit; font-weight: inherit; line-height: inherit; font-family: inherit;\">Processeur Intel\u00ae Core\u2122 i7<\/li>\n<li style=\"margin: 0px 0px 10px;padding: 0px;border: 0px;vertical-align: baseline;font-style: inherit;font-variant: inherit;font-weight: inherit;line-height: inherit;font-family: inherit\" data-mce-style=\"margin: 0px 0px 10px; padding: 0px; border: 0px; vertical-align: baseline; font-style: inherit; font-variant: inherit; font-weight: inherit; line-height: inherit; font-family: inherit;\">M\u00e9moire 512 Go<\/li>\n<li style=\"margin: 0px 0px 10px;padding: 0px;border: 0px;vertical-align: baseline;font-style: inherit;font-variant: inherit;font-weight: inherit;line-height: inherit;font-family: inherit\" data-mce-style=\"margin: 0px 0px 10px; padding: 0px; border: 0px; vertical-align: baseline; font-style: inherit; font-variant: inherit; font-weight: inherit; line-height: inherit; font-family: inherit;\">Stockage 512 Go Disque SSD<\/li>\n<li style=\"margin: 0px;padding: 0px;border: 0px;vertical-align: baseline;font-style: inherit;font-variant: inherit;font-weight: inherit;line-height: inherit;font-family: inherit\" data-mce-style=\"margin: 0px; padding: 0px; border: 0px; vertical-align: baseline; font-style: inherit; font-variant: inherit; font-weight: inherit; line-height: inherit; font-family: inherit;\">\u00c9cran 33,8 cm (13,3 pouces) tactile<\/li>\n<\/ul>\n","protected":false},"featured_media":2439,"comment_status":"open","ping_status":"closed","template":"","meta":{"_gspb_post_css":""},"store":[],"product_brand":[],"product_cat":[200],"product_tag":[],"class_list":{"0":"post-2442","1":"product","2":"type-product","3":"status-publish","4":"has-post-thumbnail","6":"product_cat-informatique","8":"first","9":"instock","10":"shipping-taxable","11":"purchasable","12":"product-type-simple"},"_links":{"self":[{"href":"https:\/\/bimba.sn\/index.php?rest_route=\/wp\/v2\/product\/2442","targetHints":{"allow":["GET"]}}],"collection":[{"href":"https:\/\/bimba.sn\/index.php?rest_route=\/wp\/v2\/product"}],"about":[{"href":"https:\/\/bimba.sn\/index.php?rest_route=\/wp\/v2\/types\/product"}],"replies":[{"embeddable":true,"href":"https:\/\/bimba.sn\/index.php?rest_route=%2Fwp%2Fv2%2Fcomments&post=2442"}],"wp:featuredmedia":[{"embeddable":true,"href":"https:\/\/bimba.sn\/index.php?rest_route=\/wp\/v2\/media\/2439"}],"wp:attachment":[{"href":"https:\/\/bimba.sn\/index.php?rest_route=%2Fwp%2Fv2%2Fmedia&parent=2442"}],"wp:term":[{"taxonomy":"store","embeddable":true,"href":"https:\/\/bimba.sn\/index.php?rest_route=%2Fwp%2Fv2%2Fstore&post=2442"},{"taxonomy":"product_brand","embeddable":true,"href":"https:\/\/bimba.sn\/index.php?rest_route=%2Fwp%2Fv2%2Fproduct_brand&post=2442"},{"taxonomy":"product_cat","embeddable":true,"href":"https:\/\/bimba.sn\/index.php?rest_route=%2Fwp%2Fv2%2Fproduct_cat&post=2442"},{"taxonomy":"product_tag","embeddable":true,"href":"https:\/\/bimba.sn\/index.php?rest_route=%2Fwp%2Fv2%2Fproduct_tag&post=2442"}],"curies":[{"name":"wp","href":"https:\/\/api.w.org\/{rel}","templated":true}]}}