{"id":2427,"date":"2025-04-29T21:17:23","date_gmt":"2025-04-29T19:17:23","guid":{"rendered":"https:\/\/bimba.sn\/?product=ecran-ordinateur-dell-p2422h-24-pouces-fhd"},"modified":"2025-04-29T21:17:23","modified_gmt":"2025-04-29T19:17:23","slug":"ecran-ordinateur-dell-p2422h-24-pouces-fhd","status":"publish","type":"product","link":"https:\/\/bimba.sn\/?product=ecran-ordinateur-dell-p2422h-24-pouces-fhd","title":{"rendered":"Ecran Ordinateur Dell P2422H 24 pouces FHD"},"content":{"rendered":"<table id=\"productDetails_techSpec_section_1\" class=\"a-keyvalue prodDetTable\">\n<tbody>\n<tr>\n<th class=\"a-color-secondary a-size-base prodDetSectionEntry\" style=\"vertical-align: top;padding: 6px 12px 6px 0px;text-align: left;width: 340.297px;font-size: 14px !important;line-height: 20px !important\">Marque<\/th>\n<td class=\"a-size-base prodDetAttrValue\" style=\"vertical-align: top;padding: 6px 12px;font-size: 14px !important;line-height: 20px !important\">\u200eDell<\/td>\n<\/tr>\n<tr>\n<th class=\"a-color-secondary a-size-base prodDetSectionEntry\" style=\"vertical-align: top;padding: 6px 12px 6px 0px;text-align: left;width: 340.297px;font-size: 14px !important;line-height: 20px !important\">Num\u00e9ro du mod\u00e8le de l&rsquo;article<\/th>\n<td class=\"a-size-base prodDetAttrValue\" style=\"vertical-align: top;padding: 6px 12px;font-size: 14px !important;line-height: 20px !important\">\u200eP2422H<\/td>\n<\/tr>\n<tr>\n<th class=\"a-color-secondary a-size-base prodDetSectionEntry\" style=\"vertical-align: top;padding: 6px 12px 6px 0px;text-align: left;width: 340.297px;font-size: 14px !important;line-height: 20px !important\">s\u00e9ries<\/th>\n<td class=\"a-size-base prodDetAttrValue\" style=\"vertical-align: top;padding: 6px 12px;font-size: 14px !important;line-height: 20px !important\">\u200eP2422H<\/td>\n<\/tr>\n<tr>\n<th class=\"a-color-secondary a-size-base prodDetSectionEntry\" style=\"vertical-align: top;padding: 6px 12px 6px 0px;text-align: left;width: 340.297px;font-size: 14px !important;line-height: 20px !important\">Couleur<\/th>\n<td class=\"a-size-base prodDetAttrValue\" style=\"vertical-align: top;padding: 6px 12px;font-size: 14px !important;line-height: 20px !important\">\u200eIPS FHD 16:9<\/td>\n<\/tr>\n<tr>\n<th class=\"a-color-secondary a-size-base prodDetSectionEntry\" style=\"vertical-align: top;padding: 6px 12px 6px 0px;text-align: left;width: 340.297px;font-size: 14px !important;line-height: 20px !important\">Garantie constructeur<\/th>\n<td class=\"a-size-base prodDetAttrValue\" style=\"vertical-align: top;padding: 6px 12px;font-size: 14px !important;line-height: 20px !important\">\u200e3-year manufacturer&rsquo;s warranty<\/td>\n<\/tr>\n<tr>\n<th class=\"a-color-secondary a-size-base prodDetSectionEntry\" style=\"vertical-align: top;padding: 6px 12px 6px 0px;text-align: left;width: 340.297px;font-size: 14px !important;line-height: 20px !important\">Syst\u00e8me d&rsquo;exploitation<\/th>\n<td class=\"a-size-base prodDetAttrValue\" style=\"vertical-align: top;padding: 6px 12px;font-size: 14px !important;line-height: 20px !important\">\u200eDOS<\/td>\n<\/tr>\n<tr>\n<th class=\"a-color-secondary a-size-base prodDetSectionEntry\" style=\"vertical-align: top;padding: 6px 12px 6px 0px;text-align: left;width: 340.297px;font-size: 14px !important;line-height: 20px !important\">Marque du processeur<\/th>\n<td class=\"a-size-base prodDetAttrValue\" style=\"vertical-align: top;padding: 6px 12px;font-size: 14px !important;line-height: 20px !important\">\u200eIntel<\/td>\n<\/tr>\n<tr>\n<th class=\"a-color-secondary a-size-base prodDetSectionEntry\" style=\"vertical-align: top;padding: 6px 12px 6px 0px;text-align: left;width: 340.297px;font-size: 14px !important;line-height: 20px !important\">Nombre de coeurs<\/th>\n<td class=\"a-size-base prodDetAttrValue\" style=\"vertical-align: top;padding: 6px 12px;font-size: 14px !important;line-height: 20px !important\">\u200e1<\/td>\n<\/tr>\n<tr>\n<th class=\"a-color-secondary a-size-base prodDetSectionEntry\" style=\"vertical-align: top;padding: 6px 12px 6px 0px;text-align: left;width: 340.297px;font-size: 14px !important;line-height: 20px !important\">Taille de la m\u00e9moire vive<\/th>\n<td class=\"a-size-base prodDetAttrValue\" style=\"vertical-align: top;padding: 6px 12px;font-size: 14px !important;line-height: 20px !important\">\u200e8<\/td>\n<\/tr>\n<tr>\n<th class=\"a-color-secondary a-size-base prodDetSectionEntry\" style=\"vertical-align: top;padding: 6px 12px 6px 0px;text-align: left;width: 340.297px;font-size: 14px !important;line-height: 20px !important\">Taille du disque dur<\/th>\n<td class=\"a-size-base prodDetAttrValue\" style=\"vertical-align: top;padding: 6px 12px;font-size: 14px !important;line-height: 20px !important\">\u200e512 Go<\/td>\n<\/tr>\n<tr>\n<th class=\"a-color-secondary a-size-base prodDetSectionEntry\" style=\"vertical-align: top;padding: 6px 12px 6px 0px;text-align: left;width: 340.297px;font-size: 14px !important;line-height: 20px !important\">Technologie du disque dur<\/th>\n<td class=\"a-size-base prodDetAttrValue\" style=\"vertical-align: top;padding: 6px 12px;font-size: 14px !important;line-height: 20px !important\">\u200eSSD<\/td>\n<\/tr>\n<tr>\n<th class=\"a-color-secondary a-size-base prodDetSectionEntry\" style=\"vertical-align: top;padding: 6px 12px 6px 0px;text-align: left;width: 340.297px;font-size: 14px !important;line-height: 20px !important\">Type d&rsquo;\u00e9cran<\/th>\n<td class=\"a-size-base prodDetAttrValue\" style=\"vertical-align: top;padding: 6px 12px;font-size: 14px !important;line-height: 20px !important\">\u200eLCD<\/td>\n<\/tr>\n<tr>\n<th class=\"a-color-secondary a-size-base prodDetSectionEntry\" style=\"vertical-align: top;padding: 6px 12px 6px 0px;text-align: left;width: 340.297px;font-size: 14px !important;line-height: 20px !important\">Taille de l&rsquo;\u00e9cran<\/th>\n<td class=\"a-size-base prodDetAttrValue\" style=\"vertical-align: top;padding: 6px 12px;font-size: 14px !important;line-height: 20px !important\">\u200e23,8 Pouces<\/td>\n<\/tr>\n<tr>\n<th class=\"a-color-secondary a-size-base prodDetSectionEntry\" style=\"vertical-align: top;padding: 6px 12px 6px 0px;text-align: left;width: 340.297px;font-size: 14px !important;line-height: 20px !important\">R\u00e9solution de l&rsquo;\u00e9cran<\/th>\n<td class=\"a-size-base prodDetAttrValue\" style=\"vertical-align: top;padding: 6px 12px;font-size: 14px !important;line-height: 20px !important\">\u200e1920 x 1080<\/td>\n<\/tr>\n<tr>\n<th class=\"a-color-secondary a-size-base prodDetSectionEntry\" style=\"vertical-align: top;padding: 6px 12px 6px 0px;text-align: left;width: 340.297px;font-size: 14px !important;line-height: 20px !important\">Resolution<\/th>\n<td class=\"a-size-base prodDetAttrValue\" style=\"vertical-align: top;padding: 6px 12px;font-size: 14px !important;line-height: 20px !important\">\u200e1920 x 1080 Pixels<\/td>\n<\/tr>\n<tr>\n<th class=\"a-color-secondary a-size-base prodDetSectionEntry\" style=\"vertical-align: top;padding: 6px 12px 6px 0px;text-align: left;width: 340.297px;font-size: 14px !important;line-height: 20px !important\">\u00c9tirement<\/th>\n<td class=\"a-size-base prodDetAttrValue\" style=\"vertical-align: top;padding: 6px 12px;font-size: 14px !important;line-height: 20px !important\">\u200e16:9<\/td>\n<\/tr>\n<tr>\n<th class=\"a-color-secondary a-size-base prodDetSectionEntry\" style=\"vertical-align: top;padding: 6px 12px 6px 0px;text-align: left;width: 340.297px;font-size: 14px !important;line-height: 20px !important\">Marque chipset graphique<\/th>\n<td class=\"a-size-base prodDetAttrValue\" style=\"vertical-align: top;padding: 6px 12px;font-size: 14px !important;line-height: 20px !important\">\u200eAMD<\/td>\n<\/tr>\n<tr>\n<th class=\"a-color-secondary a-size-base prodDetSectionEntry\" style=\"vertical-align: top;padding: 6px 12px 6px 0px;text-align: left;width: 340.297px;font-size: 14px !important;line-height: 20px !important\">Description de la carte graphique<\/th>\n<td class=\"a-size-base prodDetAttrValue\" style=\"vertical-align: top;padding: 6px 12px;font-size: 14px !important;line-height: 20px !important\">\u200eD\u00e9di\u00e9<\/td>\n<\/tr>\n<tr>\n<th class=\"a-color-secondary a-size-base prodDetSectionEntry\" style=\"vertical-align: top;padding: 6px 12px 6px 0px;text-align: left;width: 340.297px;font-size: 14px !important;line-height: 20px !important\">M\u00e9moire vive de la carte graphique<\/th>\n<td class=\"a-size-base prodDetAttrValue\" style=\"vertical-align: top;padding: 6px 12px;font-size: 14px !important;line-height: 20px !important\">\u200e12 Go<\/td>\n<\/tr>\n<tr>\n<th class=\"a-color-secondary a-size-base prodDetSectionEntry\" style=\"vertical-align: top;padding: 6px 12px 6px 0px;text-align: left;width: 340.297px;font-size: 14px !important;line-height: 20px !important\">Type de m\u00e9moire vive (carte graphique)<\/th>\n<td class=\"a-size-base prodDetAttrValue\" style=\"vertical-align: top;padding: 6px 12px;font-size: 14px !important;line-height: 20px !important\">\u200eM\u00e9moire GDDR6<\/td>\n<\/tr>\n<tr>\n<th class=\"a-color-secondary a-size-base prodDetSectionEntry\" style=\"vertical-align: top;padding: 6px 12px 6px 0px;text-align: left;width: 340.297px;font-size: 14px !important;line-height: 20px !important\">Type de connectivit\u00e9<\/th>\n<td class=\"a-size-base prodDetAttrValue\" style=\"vertical-align: top;padding: 6px 12px;font-size: 14px !important;line-height: 20px !important\">\u200eWi-Fi<\/td>\n<\/tr>\n<tr>\n<th class=\"a-color-secondary a-size-base prodDetSectionEntry\" style=\"vertical-align: top;padding: 6px 12px 6px 0px;text-align: left;width: 340.297px;font-size: 14px !important;line-height: 20px !important\">Bluetooth<\/th>\n<td class=\"a-size-base prodDetAttrValue\" style=\"vertical-align: top;padding: 6px 12px;font-size: 14px !important;line-height: 20px !important\">\u200eOui<\/td>\n<\/tr>\n<tr>\n<th class=\"a-color-secondary a-size-base prodDetSectionEntry\" style=\"vertical-align: top;padding: 6px 12px 6px 0px;text-align: left;width: 340.297px;font-size: 14px !important;line-height: 20px !important\">Interface du mat\u00e9riel informatique<\/th>\n<td class=\"a-size-base prodDetAttrValue\" style=\"vertical-align: top;padding: 6px 12px;font-size: 14px !important;line-height: 20px !important\">\u200eHDMI<\/td>\n<\/tr>\n<tr>\n<th class=\"a-color-secondary a-size-base prodDetSectionEntry\" style=\"vertical-align: top;padding: 6px 12px 6px 0px;text-align: left;width: 340.297px;font-size: 14px !important;line-height: 20px !important\">Nombre de ports HDMI<\/th>\n<td class=\"a-size-base prodDetAttrValue\" style=\"vertical-align: top;padding: 6px 12px;font-size: 14px !important;line-height: 20px !important\">\u200e1<\/td>\n<\/tr>\n<tr>\n<th class=\"a-color-secondary a-size-base prodDetSectionEntry\" style=\"vertical-align: top;padding: 6px 12px 6px 0px;text-align: left;width: 340.297px;font-size: 14px !important;line-height: 20px !important\">Nombre de ports USB 3.0<\/th>\n<td class=\"a-size-base prodDetAttrValue\" style=\"vertical-align: top;padding: 6px 12px;font-size: 14px !important;line-height: 20px !important\">\u200e5<\/td>\n<\/tr>\n<tr>\n<th class=\"a-color-secondary a-size-base prodDetSectionEntry\" style=\"vertical-align: top;padding: 6px 12px 6px 0px;text-align: left;width: 340.297px;font-size: 14px !important;line-height: 20px !important\">Type de connecteur<\/th>\n<td class=\"a-size-base prodDetAttrValue\" style=\"vertical-align: top;padding: 6px 12px;font-size: 14px !important;line-height: 20px !important\">\u200eVGA, DisplayPort, HDMI<\/td>\n<\/tr>\n<tr>\n<th class=\"a-color-secondary a-size-base prodDetSectionEntry\" style=\"vertical-align: top;padding: 6px 12px 6px 0px;text-align: left;width: 340.297px;font-size: 14px !important;line-height: 20px !important\">Logiciels inclus<\/th>\n<td class=\"a-size-base prodDetAttrValue\" style=\"vertical-align: top;padding: 6px 12px;font-size: 14px !important;line-height: 20px !important\">\u200eChrome OS<\/td>\n<\/tr>\n<tr>\n<th class=\"a-color-secondary a-size-base prodDetSectionEntry\" style=\"vertical-align: top;padding: 6px 12px 6px 0px;text-align: left;width: 340.297px;font-size: 14px !important;line-height: 20px !important\">Dimensions de l&rsquo;article L x L x H<\/th>\n<td class=\"a-size-base prodDetAttrValue\" style=\"vertical-align: top;padding: 6px 12px;font-size: 14px !important;line-height: 20px !important\">\u200e30.5 x 2.5 x 20.3 centim\u00e8tres<\/td>\n<\/tr>\n<tr>\n<th class=\"a-color-secondary a-size-base prodDetSectionEntry\" style=\"vertical-align: top;padding: 6px 12px 6px 0px;text-align: left;width: 340.297px;font-size: 14px !important;line-height: 20px !important\">Poids du produit<\/th>\n<td class=\"a-size-base prodDetAttrValue\" style=\"vertical-align: top;padding: 6px 12px;font-size: 14px !important;line-height: 20px !important\">\u200e5,36 Kilogrammes<\/td>\n<\/tr>\n<tr>\n<th class=\"a-color-secondary a-size-base prodDetSectionEntry\" style=\"vertical-align: top;padding: 6px 12px 6px 0px;text-align: left;width: 340.297px;font-size: 14px !important;line-height: 20px !important\">Divers<\/th>\n<td class=\"a-size-base prodDetAttrValue\" style=\"vertical-align: top;padding: 6px 12px;font-size: 14px !important;line-height: 20px !important\">\u200eAjustement du pivot, \u00c9cran anti-reflet, R\u00e9glage pivotant, Sans scintillement<\/td>\n<\/tr>\n<tr>\n<th class=\"a-color-secondary a-size-base prodDetSectionEntry\" style=\"vertical-align: top;padding: 6px 12px 6px 0px;text-align: left;width: 340.297px;font-size: 14px !important;line-height: 20px !important\">Disponibilit\u00e9 des pi\u00e8ces d\u00e9tach\u00e9es<\/th>\n<td class=\"a-size-base prodDetAttrValue\" style=\"vertical-align: top;padding: 6px 12px;font-size: 14px !important;line-height: 20px !important\">\u200eInformation indisponible sur les pi\u00e8ces d\u00e9tach\u00e9es<\/td>\n<\/tr>\n<tr>\n<th class=\"a-color-secondary a-size-base prodDetSectionEntry\" style=\"vertical-align: top;padding: 6px 12px 6px 0px;text-align: left;width: 340.297px;font-size: 14px !important;line-height: 20px !important\">Mises \u00e0 jour logicielles garanties jusqu\u2019\u00e0<\/th>\n<td class=\"a-size-base prodDetAttrValue\" style=\"vertical-align: top;padding: 6px 12px;font-size: 14px !important;line-height: 20px !important\">\u200eInformation non disponible<\/td>\n<\/tr>\n<\/tbody>\n<\/table>\n","protected":false},"excerpt":{"rendered":"<h1 id=\"title\" class=\"a-size-large a-spacing-none\"><span id=\"productTitle\" class=\"a-size-large product-title-word-break\" style=\"line-height: 32px !important\">Dell P2422H 24&Prime; Full HD (1920&#215;1080) \u00c9cran PC, 60Hz, IPS, 5ms, 99% sRGB, DisplayPort, HDMI, VGA, 5x USB, Noir<\/span><\/h1>\n","protected":false},"featured_media":2426,"comment_status":"open","ping_status":"closed","template":"","meta":{"_gspb_post_css":""},"store":[],"product_brand":[],"product_cat":[197,200],"product_tag":[],"class_list":{"0":"post-2427","1":"product","2":"type-product","3":"status-publish","4":"has-post-thumbnail","6":"product_cat-electronique","7":"product_cat-informatique","9":"first","10":"instock","11":"sale","12":"shipping-taxable","13":"purchasable","14":"product-type-simple"},"_links":{"self":[{"href":"https:\/\/bimba.sn\/index.php?rest_route=\/wp\/v2\/product\/2427","targetHints":{"allow":["GET"]}}],"collection":[{"href":"https:\/\/bimba.sn\/index.php?rest_route=\/wp\/v2\/product"}],"about":[{"href":"https:\/\/bimba.sn\/index.php?rest_route=\/wp\/v2\/types\/product"}],"replies":[{"embeddable":true,"href":"https:\/\/bimba.sn\/index.php?rest_route=%2Fwp%2Fv2%2Fcomments&post=2427"}],"wp:featuredmedia":[{"embeddable":true,"href":"https:\/\/bimba.sn\/index.php?rest_route=\/wp\/v2\/media\/2426"}],"wp:attachment":[{"href":"https:\/\/bimba.sn\/index.php?rest_route=%2Fwp%2Fv2%2Fmedia&parent=2427"}],"wp:term":[{"taxonomy":"store","embeddable":true,"href":"https:\/\/bimba.sn\/index.php?rest_route=%2Fwp%2Fv2%2Fstore&post=2427"},{"taxonomy":"product_brand","embeddable":true,"href":"https:\/\/bimba.sn\/index.php?rest_route=%2Fwp%2Fv2%2Fproduct_brand&post=2427"},{"taxonomy":"product_cat","embeddable":true,"href":"https:\/\/bimba.sn\/index.php?rest_route=%2Fwp%2Fv2%2Fproduct_cat&post=2427"},{"taxonomy":"product_tag","embeddable":true,"href":"https:\/\/bimba.sn\/index.php?rest_route=%2Fwp%2Fv2%2Fproduct_tag&post=2427"}],"curies":[{"name":"wp","href":"https:\/\/api.w.org\/{rel}","templated":true}]}}