{"id":2411,"date":"2025-04-29T00:26:33","date_gmt":"2025-04-28T22:26:33","guid":{"rendered":"https:\/\/bimba.sn\/?product=television-astech-55%e2%80%b3-pouces-tv-led-smart-tv-android-tv"},"modified":"2025-05-01T19:14:05","modified_gmt":"2025-05-01T17:14:05","slug":"television-astech-55%e2%80%b3-pouces-tv-led-smart-tv-android-tv","status":"publish","type":"product","link":"https:\/\/bimba.sn\/?product=television-astech-55%e2%80%b3-pouces-tv-led-smart-tv-android-tv","title":{"rendered":"T\u00e9l\u00e9vision Astech 55\u2033 Pouces TV Led Smart TV Android TV"},"content":{"rendered":"<div class=\"elementor-element elementor-element-1caffc0 wd-width-100 elementor-widget elementor-widget-wd_title\" data-id=\"1caffc0\" data-element_type=\"widget\" data-widget_type=\"wd_title.default\">\n<div class=\"elementor-widget-container\" style=\"margin: 0px;padding: 0px;border: 0px;vertical-align: baseline;font-style: inherit;line-height: inherit;font-family: inherit\" data-mce-style=\"margin: 0px; padding: 0px; border: 0px; vertical-align: baseline; font-style: inherit; line-height: inherit; font-family: inherit;\">\n<div class=\"title-wrapper wd-set-mb reset-last-child wd-title-color-default wd-title-style-default wd-title-size-default text-left\" style=\"margin: 0px;padding: 0px;border: 0px;vertical-align: baseline;font-style: inherit;line-height: inherit;font-family: inherit;--text-align: left;text-align: var(--text-align);--content-align: flex-start;--wd-align: flex-start;--wd-mb: 10px\" data-mce-style=\"margin: 0px; padding: 0px; border: 0px; vertical-align: baseline; font-style: inherit; line-height: inherit; font-family: inherit; --text-align: left; text-align: var(--text-align); --content-align: flex-start; --wd-align: flex-start; --wd-mb: 10px;\">\n<div class=\"liner-continer\" style=\"margin: 0px;padding: 0px;border: 0px;vertical-align: baseline;font-style: inherit;line-height: inherit;font-family: inherit\" data-mce-style=\"margin: 0px; padding: 0px; border: 0px; vertical-align: baseline; font-style: inherit; line-height: inherit; font-family: inherit;\">\n<h4 class=\"woodmart-title-container title wd-fontsize-l\" style=\"margin: 0px;padding: 0px;border: 0px;vertical-align: baseline;font-style: var(--wd-title-font-style);font-weight: var(--wd-title-font-weight);line-height: 1.4;font-family: var(--wd-title-font);font-size: 22px;text-transform: var(--wd-title-transform)\" data-mce-style=\"margin: 0px; padding: 0px; border: 0px; vertical-align: baseline; font-style: var(--wd-title-font-style); font-weight: var(--wd-title-font-weight); line-height: 1.4; font-family: var(--wd-title-font); font-size: 22px; text-transform: var(--wd-title-transform);\">Description<\/h4>\n<\/div>\n<\/div>\n<\/div>\n<\/div>\n<div class=\"elementor-element elementor-element-e24b901 wd-single-content elementor-widget elementor-widget-wd_single_product_content\" data-id=\"e24b901\" data-element_type=\"widget\" data-widget_type=\"wd_single_product_content.default\">\n<div class=\"elementor-widget-container\" style=\"margin: 0px;padding: 0px;border: 0px;vertical-align: baseline;font-style: inherit;line-height: inherit;font-family: inherit\" data-mce-style=\"margin: 0px; padding: 0px; border: 0px; vertical-align: baseline; font-style: inherit; line-height: inherit; font-family: inherit;\">\n<section class=\"feature-module onecolumn\" style=\"margin: 0px;padding: 0px;border: 0px;vertical-align: baseline;font-style: inherit;line-height: inherit;font-family: inherit\" data-mce-style=\"margin: 0px; padding: 0px; border: 0px; vertical-align: baseline; font-style: inherit; line-height: inherit; font-family: inherit;\">\n<div class=\"column\" style=\"margin: 0px;padding: 0px;border: 0px;vertical-align: baseline;font-style: inherit;line-height: inherit;font-family: inherit\" data-mce-style=\"margin: 0px; padding: 0px; border: 0px; vertical-align: baseline; font-style: inherit; line-height: inherit; font-family: inherit;\">\n<div class=\"text-box\" style=\"margin: 0px;padding: 0px;border: 0px;vertical-align: baseline;font-style: inherit;line-height: inherit;font-family: inherit\" data-mce-style=\"margin: 0px; padding: 0px; border: 0px; vertical-align: baseline; font-style: inherit; line-height: inherit; font-family: inherit;\">\n<section class=\"module m03 text-dark text-narrow image-top image-right\" data-child=\"false\" data-feature-id=\"FT32510303\" style=\"margin: 0px;padding: 0px;border: 0px;vertical-align: baseline;font-style: inherit;line-height: inherit;font-family: inherit\" data-mce-style=\"margin: 0px; padding: 0px; border: 0px; vertical-align: baseline; font-style: inherit; line-height: inherit; font-family: inherit;\">\n<div class=\"background-image\" style=\"margin: 0px;padding: 0px;border: 0px;vertical-align: baseline;font-style: inherit;line-height: inherit;font-family: inherit\" data-mce-style=\"margin: 0px; padding: 0px; border: 0px; vertical-align: baseline; font-style: inherit; line-height: inherit; font-family: inherit;\">\n<p style=\"padding: 0px;border: 0px;vertical-align: baseline;font-style: inherit;line-height: inherit;font-family: inherit;margin: 0px 0px var(--wd-tags-mb, 20px) 0px\" data-mce-style=\"padding: 0px; border: 0px; vertical-align: baseline; font-style: inherit; line-height: inherit; font-family: inherit; margin: 0px 0px var(--wd-tags-mb, 20px) 0px;\">T\u00e9l\u00e9vision Astech 55\u2033 Pouces TV Led Smart TV<\/p>\n<p style=\"padding: 0px;border: 0px;vertical-align: baseline;font-style: inherit;line-height: inherit;font-family: inherit;margin: 0px 0px var(--wd-tags-mb, 20px) 0px\" data-mce-style=\"padding: 0px; border: 0px; vertical-align: baseline; font-style: inherit; line-height: inherit; font-family: inherit; margin: 0px 0px var(--wd-tags-mb, 20px) 0px;\">Plus que la taille de l\u2019\u00e9cran, c\u2019est la qualit\u00e9 de l\u2019image qui est d\u00e9terminante dans le choix de votre \u00e9cran plat. C\u2019est le crit\u00e8re n\u00b01 \u00e0 prendre en compte ! Une qualit\u00e9 d\u2019image optimale vous permet de tirer le meilleur parti de vos sources Haute D\u00e9finition (lecteur Blu-ray, console de jeux derni\u00e8re g\u00e9n\u00e9ration, r\u00e9cepteur TNT HD.) Pour ce faire, la marque Astech vous offre une solution avec des images encore plus claires et coh\u00e9rentes.\u00a0<a href=\"https:\/\/promo.sn\/wp-content\/uploads\/2023\/01\/43ASTE-e1545602771804.jpg\" style=\"margin: 0px;padding: 0px;border: 0px;vertical-align: baseline;font-style: inherit;line-height: inherit;font-family: inherit;text-decoration: none;box-shadow: none\" data-mce-href=\"https:\/\/promo.sn\/wp-content\/uploads\/2023\/01\/43ASTE-e1545602771804.jpg\" data-mce-style=\"margin: 0px; padding: 0px; border: 0px; vertical-align: baseline; font-style: inherit; line-height: inherit; font-family: inherit; text-decoration: none; box-shadow: none;\"><img decoding=\"async\" data-lazyloaded=\"1\" src=\"https:\/\/promo.sn\/wp-content\/uploads\/2023\/01\/43ASTE-e1545602771804-360x360.jpg\" data-attachment-id=\"69229\" data-permalink=\"https:\/\/promo.sn\/?attachment_id=69229\" data-orig-file=\"https:\/\/promo.sn\/wp-content\/uploads\/2023\/01\/43ASTE-e1545602771804.jpg\" data-orig-size=\"600,600\" data-comments-opened=\"1\" data-image-title=\"43ASTE-e1545602771804\" data-image-description=\"\" data-image-caption=\"\" data-medium-file=\"https:\/\/promo.sn\/wp-content\/uploads\/2023\/01\/43ASTE-e1545602771804-360x360.jpg\" data-large-file=\"https:\/\/promo.sn\/wp-content\/uploads\/2023\/01\/43ASTE-e1545602771804.jpg\" class=\"alignnone size-medium wp-image-69229 entered litespeed-loaded\" data-src=\"https:\/\/promo.sn\/wp-content\/uploads\/2023\/01\/43ASTE-e1545602771804-360x360.jpg\" alt=\"T\u00e9l\u00e9vision Astech 43\" data-mce-src=\"https:\/\/promo.sn\/wp-content\/uploads\/2023\/01\/43ASTE-e1545602771804-360x360.jpg\"><\/a><\/p>\n<p style=\"padding: 0px;border: 0px;vertical-align: baseline;font-style: inherit;line-height: inherit;font-family: inherit;margin: 0px 0px var(--wd-tags-mb, 20px) 0px\" data-mce-style=\"padding: 0px; border: 0px; vertical-align: baseline; font-style: inherit; line-height: inherit; font-family: inherit; margin: 0px 0px var(--wd-tags-mb, 20px) 0px;\">Avec cette TV LED, vous pouvez regarder le sport non seulement \u00e0 votre convenance, mais aussi de la meilleure fa\u00e7on qui soit. Am\u00e9liorer l\u2019image et le son pour votre avantage, regarder chaque instant avec une super clart\u00e9. La qualit\u00e9 sonore dans votre salon est identique \u00e0 l\u2019atmosph\u00e8re \u00e9lectrique dans le stade.<\/p>\n<p style=\"padding: 0px;border: 0px;vertical-align: baseline;font-style: inherit;line-height: inherit;font-family: inherit;margin: 0px 0px var(--wd-tags-mb, 20px) 0px\" data-mce-style=\"padding: 0px; border: 0px; vertical-align: baseline; font-style: inherit; line-height: inherit; font-family: inherit; margin: 0px 0px var(--wd-tags-mb, 20px) 0px;\">La technologie LED est ce qu\u2019il se fait de mieux actuellement sur le march\u00e9. En plus d\u2019utiliser la derni\u00e8re technologie en mati\u00e8re d\u2019\u00e9cran, cette tv led vous offre un rapport qualit\u00e9\/prix imbattable par les t\u00e9l\u00e9s des marques concurrentes dans la m\u00eame cat\u00e9gorie.<\/p>\n<p style=\"padding: 0px;border: 0px;vertical-align: baseline;font-style: inherit;line-height: inherit;font-family: inherit;margin: 0px 0px var(--wd-tags-mb, 20px) 0px\" data-mce-style=\"padding: 0px; border: 0px; vertical-align: baseline; font-style: inherit; line-height: inherit; font-family: inherit; margin: 0px 0px var(--wd-tags-mb, 20px) 0px;\">Avec Connect Share Movie, il vous suffit de brancher votre cl\u00e9 de m\u00e9moire USB au t\u00e9l\u00e9viseur pour profiter instantan\u00e9ment de vos films, de vos photos ou de votre musique. Vous profiterez d\u00e9sormais d\u2019un large \u00e9ventail de contenu sur votre t\u00e9l\u00e9viseur en \u00e9tant confortablement install\u00e9 dans votre salon.<\/p>\n<\/div>\n<\/section>\n<\/div>\n<\/div>\n<\/section>\n<\/div>\n<\/div>\n","protected":false},"excerpt":{"rendered":"<div class=\"tech_spec_wrap\">T\u00e9l\u00e9vision Astech 55\u2033 Pouces TV Led Smart TV<\/div>\n<div>\n<ul style=\"border: 0px;vertical-align: baseline;font-style: inherit;line-height: inherit;font-family: inherit;--list-mb: 20px;--li-mb: 10px;--li-pl: 17px;padding: 0px 0px 0px var(--li-pl);margin: 0px 0px var(--list-mb) 0px\" data-mce-style=\"border: 0px; vertical-align: baseline; font-style: inherit; line-height: inherit; font-family: inherit; --list-mb: 20px; --li-mb: 10px; --li-pl: 17px; padding: 0px 0px 0px var(--li-pl); margin: 0px 0px var(--list-mb) 0px;\">\n<li style=\"padding: 0px;border: 0px;vertical-align: baseline;font-style: inherit;line-height: inherit;font-family: inherit;margin: 0px 0px var(--li-mb) 0px\" data-mce-style=\"padding: 0px; border: 0px; vertical-align: baseline; font-style: inherit; line-height: inherit; font-family: inherit; margin: 0px 0px var(--li-mb) 0px;\">Ecran : 55 pouces<\/li>\n<li style=\"padding: 0px;border: 0px;vertical-align: baseline;font-style: inherit;line-height: inherit;font-family: inherit;margin: 0px 0px var(--li-mb) 0px\" data-mce-style=\"padding: 0px; border: 0px; vertical-align: baseline; font-style: inherit; line-height: inherit; font-family: inherit; margin: 0px 0px var(--li-mb) 0px;\">Connectiques : Composant, composite, HDMI, USB<\/li>\n<\/ul>\n<\/div>\n","protected":false},"featured_media":2410,"comment_status":"open","ping_status":"closed","template":"","meta":{"_gspb_post_css":""},"store":[],"product_brand":[],"product_cat":[198],"product_tag":[],"class_list":{"0":"post-2411","1":"product","2":"type-product","3":"status-publish","4":"has-post-thumbnail","6":"product_cat-electromenager","8":"first","9":"instock","10":"sale","11":"shipping-taxable","12":"purchasable","13":"product-type-simple"},"_links":{"self":[{"href":"https:\/\/bimba.sn\/index.php?rest_route=\/wp\/v2\/product\/2411","targetHints":{"allow":["GET"]}}],"collection":[{"href":"https:\/\/bimba.sn\/index.php?rest_route=\/wp\/v2\/product"}],"about":[{"href":"https:\/\/bimba.sn\/index.php?rest_route=\/wp\/v2\/types\/product"}],"replies":[{"embeddable":true,"href":"https:\/\/bimba.sn\/index.php?rest_route=%2Fwp%2Fv2%2Fcomments&post=2411"}],"wp:featuredmedia":[{"embeddable":true,"href":"https:\/\/bimba.sn\/index.php?rest_route=\/wp\/v2\/media\/2410"}],"wp:attachment":[{"href":"https:\/\/bimba.sn\/index.php?rest_route=%2Fwp%2Fv2%2Fmedia&parent=2411"}],"wp:term":[{"taxonomy":"store","embeddable":true,"href":"https:\/\/bimba.sn\/index.php?rest_route=%2Fwp%2Fv2%2Fstore&post=2411"},{"taxonomy":"product_brand","embeddable":true,"href":"https:\/\/bimba.sn\/index.php?rest_route=%2Fwp%2Fv2%2Fproduct_brand&post=2411"},{"taxonomy":"product_cat","embeddable":true,"href":"https:\/\/bimba.sn\/index.php?rest_route=%2Fwp%2Fv2%2Fproduct_cat&post=2411"},{"taxonomy":"product_tag","embeddable":true,"href":"https:\/\/bimba.sn\/index.php?rest_route=%2Fwp%2Fv2%2Fproduct_tag&post=2411"}],"curies":[{"name":"wp","href":"https:\/\/api.w.org\/{rel}","templated":true}]}}